{"id":564,"date":"2026-03-17T21:23:43","date_gmt":"2026-03-17T21:23:43","guid":{"rendered":"https:\/\/rizekoypazari.com\/tours\/?page_id=564"},"modified":"2026-03-17T21:23:43","modified_gmt":"2026-03-17T21:23:43","slug":"besiktas-kahvalti-yerleri-en-iyi-10-mekan-2026-%e2%9c%85","status":"publish","type":"page","link":"https:\/\/rizekoypazari.com\/tours\/besiktas-kahvalti-yerleri-en-iyi-10-mekan-2026-%e2%9c%85\/","title":{"rendered":"Be\u015fikta\u015f Kahvalt\u0131 Yerleri | En \u0130yi 10 Mekan 2026 \u2705"},"content":{"rendered":"<h2 data-path-to-node=\"2\"><b data-path-to-node=\"4,7,0\" data-index-in-node=\"0\">Be\u015fikta\u015f&#8217;\u0131n En Me\u015fhur Kahvalt\u0131 Mekanlar\u0131 2026<\/b><\/h2>\n<figure id=\"attachment_565\" aria-describedby=\"caption-attachment-565\" style=\"width: 800px\" class=\"wp-caption alignnone\"><img loading=\"lazy\" decoding=\"async\" class=\"size-full wp-image-565\" src=\"https:\/\/rizekoypazari.com\/tours\/wp-content\/uploads\/2026\/03\/Besiktas-Kahvalti-Yerleri-En-Iyi-10-Mekan-2026-\u2705.png\" alt=\"Be\u015fikta\u015f Kahvalt\u0131 Yerleri | En \u0130yi 10 Mekan 2026 \u2705\" width=\"800\" height=\"475\" srcset=\"https:\/\/rizekoypazari.com\/tours\/wp-content\/uploads\/2026\/03\/Besiktas-Kahvalti-Yerleri-En-Iyi-10-Mekan-2026-\u2705.png 800w, https:\/\/rizekoypazari.com\/tours\/wp-content\/uploads\/2026\/03\/Besiktas-Kahvalti-Yerleri-En-Iyi-10-Mekan-2026-\u2705-300x178.png 300w, https:\/\/rizekoypazari.com\/tours\/wp-content\/uploads\/2026\/03\/Besiktas-Kahvalti-Yerleri-En-Iyi-10-Mekan-2026-\u2705-768x456.png 768w\" sizes=\"auto, (max-width: 800px) 100vw, 800px\" \/><figcaption id=\"caption-attachment-565\" class=\"wp-caption-text\">Be\u015fikta\u015f Kahvalt\u0131 Yerleri | En \u0130yi 10 Mekan 2026 \u2705<\/figcaption><\/figure>\n<p data-path-to-node=\"3\">\u0130stanbul\u2019un kalbinde g\u00fcne enerjik bir ba\u015flang\u0131\u00e7 yapmak isteyenlerin ilk dura\u011f\u0131 olan <a href=\"https:\/\/rizekoypazari.com\/tours\/?page_id=564&amp;preview=true\"><b data-path-to-node=\"3\" data-index-in-node=\"84\">Be\u015fikta\u015f kahvalt\u0131 yerleri<\/b><\/a>, 2026 y\u0131l\u0131nda da hem geleneksel lezzetleri hem de modern sunumlar\u0131yla pop\u00fclerli\u011fini koruyor. \u00d6zellikle me\u015fhur Kahvalt\u0131c\u0131lar Soka\u011f\u0131\u2019n\u0131n samimi atmosferinden sahil hatt\u0131n\u0131n e\u015fsiz bo\u011faz manzaras\u0131na kadar uzanan bu geni\u015f yelpaze, her damak tad\u0131na hitap eden se\u00e7enekler sunuyor. E\u011fer siz de hafta sonu rotan\u0131z\u0131 Be\u015fikta\u015f\u2019a \u00e7evirdiyseniz; \u00e7\u0131t\u0131r \u00e7\u0131t\u0131r pi\u015filer, taze demlenmi\u015f \u00e7ay kokusu ve y\u00f6resel peynirlerle donat\u0131lm\u0131\u015f sofralar i\u00e7in haz\u0131rlad\u0131\u011f\u0131m\u0131z bu g\u00fcncel listeye mutlaka g\u00f6z atmal\u0131s\u0131n\u0131z.<\/p>\n<hr data-path-to-node=\"4\" \/>\n<h3 data-path-to-node=\"5\">\ud83c\udf73 1. Pi\u015fi Cafe &amp; Kahvalt\u0131<\/h3>\n<p data-path-to-node=\"6\">Be\u015fikta\u015f denince akla gelen ilk duraklardan biridir. Ad\u0131ndan da anla\u015f\u0131laca\u011f\u0131 \u00fczere, buran\u0131n y\u0131ld\u0131z\u0131 pofuduk pi\u015fileridir.<\/p>\n<ul data-path-to-node=\"7\">\n<li>\n<p data-path-to-node=\"7,0,0\"><b data-path-to-node=\"7,0,0\" data-index-in-node=\"0\">\u00d6zelli\u011fi:<\/b> Peynirli, \u00e7ikolatal\u0131 veya sade pi\u015fi se\u00e7enekleri.<\/p>\n<\/li>\n<li>\n<p data-path-to-node=\"7,1,0\"><b data-path-to-node=\"7,1,0\" data-index-in-node=\"0\">Vibe:<\/b> Samimi, h\u0131zl\u0131 ve tam bir sokak k\u00fclt\u00fcr\u00fc.<\/p>\n<\/li>\n<li>\n<p data-path-to-node=\"7,2,0\"><b data-path-to-node=\"7,2,0\" data-index-in-node=\"0\">\ud83d\udccd Konum:<\/b> Kahvalt\u0131c\u0131lar Soka\u011f\u0131<\/p>\n<\/li>\n<\/ul>\n<h3 data-path-to-node=\"8\">\ud83e\uddc0 2. \u00c7akmak Kahvalt\u0131 Salonu<\/h3>\n<p data-path-to-node=\"9\">Gelenekselden \u015fa\u015fmayanlar\u0131n ve ger\u00e7ek Erzincan tulum peyniri arayanlar\u0131n vazge\u00e7ilmezi.<\/p>\n<ul data-path-to-node=\"10\">\n<li>\n<p data-path-to-node=\"10,0,0\"><b data-path-to-node=\"10,0,0\" data-index-in-node=\"0\">\u00d6zelli\u011fi:<\/b> Kavurmal\u0131 yumurtas\u0131 ve me\u015fhur ball\u0131 kayma\u011f\u0131.<\/p>\n<\/li>\n<li>\n<p data-path-to-node=\"10,1,0\"><b data-path-to-node=\"10,1,0\" data-index-in-node=\"0\">Vibe:<\/b> Nostaljik ve m\u00fctevaz\u0131 bir esnaf lokantas\u0131 s\u0131cakl\u0131\u011f\u0131.<\/p>\n<\/li>\n<li>\n<p data-path-to-node=\"10,2,0\"><b data-path-to-node=\"10,2,0\" data-index-in-node=\"0\">\ud83d\udccd Konum:<\/b> \u015eair Veysi Sokak<\/p>\n<\/li>\n<\/ul>\n<h3 data-path-to-node=\"11\">\ud83c\udf6f 3. Peynir Ekmek Cafe<\/h3>\n<p data-path-to-node=\"12\">Renkli masalar\u0131 ve zengin serpme kahvalt\u0131s\u0131yla soka\u011f\u0131n en ne\u015feli noktalar\u0131ndan biri.<\/p>\n<ul data-path-to-node=\"13\">\n<li>\n<p data-path-to-node=\"13,0,0\"><b data-path-to-node=\"13,0,0\" data-index-in-node=\"0\">\u00d6zelli\u011fi:<\/b> S\u0131n\u0131rs\u0131z \u00e7ay e\u015fli\u011finde sunulan onlarca \u00e7e\u015fit re\u00e7el ve zeytin.<\/p>\n<\/li>\n<li>\n<p data-path-to-node=\"13,1,0\"><b data-path-to-node=\"13,1,0\" data-index-in-node=\"0\">Vibe:<\/b> Arkada\u015f gruplar\u0131 i\u00e7in ideal, dinamik bir ortam.<\/p>\n<\/li>\n<li>\n<p data-path-to-node=\"13,2,0\"><b data-path-to-node=\"13,2,0\" data-index-in-node=\"0\">\ud83d\udccd Konum:<\/b> Kahvalt\u0131c\u0131lar Soka\u011f\u0131<\/p>\n<\/li>\n<\/ul>\n<h3 data-path-to-node=\"14\">\u2615 4. Otantik Kahvalt\u0131<\/h3>\n<p data-path-to-node=\"15\">Anadolu&#8217;nun y\u00f6resel lezzetlerini Be\u015fikta\u015f\u2019\u0131n merkezine ta\u015f\u0131yan \u00f6zel bir mekan.<\/p>\n<ul data-path-to-node=\"16\">\n<li>\n<p data-path-to-node=\"16,0,0\"><b data-path-to-node=\"16,0,0\" data-index-in-node=\"0\">\u00d6zelli\u011fi:<\/b> El a\u00e7mas\u0131 g\u00f6zlemeler ve taze otlu peynirler.<\/p>\n<\/li>\n<li>\n<p data-path-to-node=\"16,1,0\"><b data-path-to-node=\"16,1,0\" data-index-in-node=\"0\">Vibe:<\/b> Ev s\u0131cakl\u0131\u011f\u0131nda ve olduk\u00e7a doyurucu porsiyonlar.<\/p>\n<\/li>\n<li>\n<p data-path-to-node=\"16,2,0\"><b data-path-to-node=\"16,2,0\" data-index-in-node=\"0\">\ud83d\udccd Konum:<\/b> Ihlamurdere Caddesi Yak\u0131nlar\u0131<\/p>\n<\/li>\n<\/ul>\n<h3 data-path-to-node=\"17\">\ud83e\udd50 5. \u00c7ar\u015f\u0131 F\u0131r\u0131n\u0131 (Yeni Nesil)<\/h3>\n<p data-path-to-node=\"18\">Klasik kahvalt\u0131dan s\u0131k\u0131lanlar i\u00e7in 2026&#8217;n\u0131n y\u00fckselen trendi: Artisan hamur i\u015fleri.<\/p>\n<ul data-path-to-node=\"19\">\n<li>\n<p data-path-to-node=\"19,0,0\"><b data-path-to-node=\"19,0,0\" data-index-in-node=\"0\">\u00d6zelli\u011fi:<\/b> Kruvasan sandvi\u00e7ler ve taze s\u0131k\u0131lm\u0131\u015f meyve sular\u0131.<\/p>\n<\/li>\n<li>\n<p data-path-to-node=\"19,1,0\"><b data-path-to-node=\"19,1,0\" data-index-in-node=\"0\">Vibe:<\/b> Modern, minimalist ve &#8220;Instagraml\u0131k&#8221; sunumlar.<\/p>\n<\/li>\n<li>\n<p data-path-to-node=\"19,2,0\"><b data-path-to-node=\"19,2,0\" data-index-in-node=\"0\">\ud83d\udccd Konum:<\/b> Be\u015fikta\u015f \u00c7ar\u015f\u0131<\/p>\n<\/li>\n<\/ul>\n<h3 data-path-to-node=\"2\">\ud83c\udf73 6. Balkon Cafe &amp; Kahvalt\u0131<\/h3>\n<p data-path-to-node=\"3\">Be\u015fikta\u015f Kahvalt\u0131c\u0131lar Soka\u011f\u0131\u2019n\u0131n en pop\u00fcler balkonuna sahip olan bu mekan, hem izlemesi keyifli hem de porsiyonlar\u0131 olduk\u00e7a c\u00f6mert.<\/p>\n<ul data-path-to-node=\"4\">\n<li>\n<p data-path-to-node=\"4,0,0\"><b data-path-to-node=\"4,0,0\" data-index-in-node=\"0\">\u00d6zelli\u011fi:<\/b> Kavurmal\u0131 yumurtas\u0131 ve \u00f6zel yap\u0131m acukas\u0131.<\/p>\n<\/li>\n<li>\n<p data-path-to-node=\"4,1,0\"><b data-path-to-node=\"4,1,0\" data-index-in-node=\"0\">Vibe:<\/b> Soka\u011f\u0131n nabz\u0131n\u0131 tutan, hareketli ve enerjik.<\/p>\n<\/li>\n<li>\n<p data-path-to-node=\"4,2,0\"><b data-path-to-node=\"4,2,0\" data-index-in-node=\"0\">\ud83d\udccd Konum:<\/b> Kahvalt\u0131c\u0131lar Soka\u011f\u0131<\/p>\n<\/li>\n<\/ul>\n<h3 data-path-to-node=\"5\">\ud83e\udd57 7. Re\u00e7el T\u00fcrevleri<\/h3>\n<p data-path-to-node=\"6\">Ad\u0131ndan da anla\u015f\u0131laca\u011f\u0131 \u00fczere, ev yap\u0131m\u0131 onlarca \u00e7e\u015fit re\u00e7elle sofray\u0131 renklendiren bir durak.<\/p>\n<ul data-path-to-node=\"7\">\n<li>\n<p data-path-to-node=\"7,0,0\"><b data-path-to-node=\"7,0,0\" data-index-in-node=\"0\">\u00d6zelli\u011fi:<\/b> Mevsimlik meyvelerden yap\u0131lan (ceviz, bergamot vb.) butik re\u00e7eller.<\/p>\n<\/li>\n<li>\n<p data-path-to-node=\"7,1,0\"><b data-path-to-node=\"7,1,0\" data-index-in-node=\"0\">Vibe:<\/b> Kahvalt\u0131da tatl\u0131-tuzlu dengesini sevenler i\u00e7in cennet.<\/p>\n<\/li>\n<li>\n<p data-path-to-node=\"7,2,0\"><b data-path-to-node=\"7,2,0\" data-index-in-node=\"0\">\ud83d\udccd Konum:<\/b> \u015eair Veysi Sokak<\/p>\n<\/li>\n<\/ul>\n<h3 data-path-to-node=\"8\">\ud83e\udd6f 8. Siyah Beyaz Kahvalt\u0131<\/h3>\n<p data-path-to-node=\"9\">Be\u015fikta\u015f ruhunu sonuna kadar hissedece\u011finiz, \u00e7ar\u015f\u0131 k\u00fclt\u00fcr\u00fcn\u00fcn i\u00e7inde yer alan samimi bir yer.<\/p>\n<ul data-path-to-node=\"10\">\n<li>\n<p data-path-to-node=\"10,0,0\"><b data-path-to-node=\"10,0,0\" data-index-in-node=\"0\">\u00d6zelli\u011fi:<\/b> \u00c7\u0131t\u0131r simit e\u015fli\u011finde sunulan &#8220;Be\u015fikta\u015f Taba\u011f\u0131&#8221;.<\/p>\n<\/li>\n<li>\n<p data-path-to-node=\"10,1,0\"><b data-path-to-node=\"10,1,0\" data-index-in-node=\"0\">Vibe:<\/b> Taraftar ruhunu yans\u0131tan, s\u0131cak bir esnaf ortam\u0131.<\/p>\n<\/li>\n<li>\n<p data-path-to-node=\"10,2,0\"><b data-path-to-node=\"10,2,0\" data-index-in-node=\"0\">\ud83d\udccd Konum:<\/b> Ihlamurdere Caddesi \u00dczeri<\/p>\n<\/li>\n<\/ul>\n<h3 data-path-to-node=\"11\">\ud83e\udd51 9. White Mill (Modern Se\u00e7enek)<\/h3>\n<p data-path-to-node=\"12\">Klasik serpme kahvalt\u0131dan s\u0131k\u0131lanlar i\u00e7in daha modern ve &#8220;Brunch&#8221; tarz\u0131 se\u00e7enekler sunan bir mekan.<\/p>\n<ul data-path-to-node=\"13\">\n<li>\n<p data-path-to-node=\"13,0,0\"><b data-path-to-node=\"13,0,0\" data-index-in-node=\"0\">\u00d6zelli\u011fi:<\/b> Avokadolu po\u015fe yumurtalar ve taze meyveli yulaf kaseleri.<\/p>\n<\/li>\n<li>\n<p data-path-to-node=\"13,1,0\"><b data-path-to-node=\"13,1,0\" data-index-in-node=\"0\">Vibe:<\/b> \u015e\u0131k, ferah ve sakin bir arka bah\u00e7e keyfi.<\/p>\n<\/li>\n<li>\n<p data-path-to-node=\"13,2,0\"><b data-path-to-node=\"13,2,0\" data-index-in-node=\"0\">\ud83d\udccd Konum:<\/b> Be\u015fikta\u015f Akaretler Hatt\u0131<\/p>\n<\/li>\n<\/ul>\n<h3 data-path-to-node=\"14\">\ud83e\udd58 10. \u00c7e\u015fme Bazlama Kahvalt\u0131<\/h3>\n<p data-path-to-node=\"15\">Aslen Ni\u015fanta\u015f\u0131 k\u00f6kenli olsa da Be\u015fikta\u015f \u015fubesiyle b\u00f6lgedeki &#8220;s\u0131n\u0131rs\u0131z kahvalt\u0131&#8221; anlay\u0131\u015f\u0131n\u0131 zirveye ta\u015f\u0131yor.<\/p>\n<ul data-path-to-node=\"16\">\n<li>\n<p data-path-to-node=\"16,0,0\"><b data-path-to-node=\"16,0,0\" data-index-in-node=\"0\">\u00d6zelli\u011fi:<\/b> Masaya s\u00fcrekli gelen s\u0131cak bazlamalar ve anne eli de\u011fmi\u015f pi\u015fi \u00e7e\u015fitleri.<\/p>\n<\/li>\n<li>\n<p data-path-to-node=\"16,1,0\"><b data-path-to-node=\"16,1,0\" data-index-in-node=\"0\">Vibe:<\/b> T\u0131ka basa doymak isteyen kalabal\u0131k arkada\u015f gruplar\u0131 i\u00e7in birebir.<\/p>\n<\/li>\n<li>\n<p data-path-to-node=\"16,2,0\"><b data-path-to-node=\"16,2,0\" data-index-in-node=\"0\">\ud83d\udccd Konum:<\/b> Be\u015fikta\u015f \u015eubesi (Merkez)<\/p>\n<\/li>\n<\/ul>\n<hr data-path-to-node=\"17\" \/>\n<h3 data-path-to-node=\"18\">\ud83d\udca1 Ziyaret\u00e7iler \u0130\u00e7in Alt\u0131n Tavsiyeler<\/h3>\n<ul data-path-to-node=\"19\">\n<li>\n<p data-path-to-node=\"19,0,0\"><b data-path-to-node=\"19,0,0\" data-index-in-node=\"0\">Hafta Sonu Uyar\u0131s\u0131:<\/b> Be\u015fikta\u015f kahvalt\u0131 yerleri \u00f6zellikle Cumartesi ve Pazar g\u00fcnleri saat 10:00&#8217;dan itibaren kap\u0131da s\u0131ra olu\u015fturabilir. 09:00 gibi gitmek en iyisidir. \ud83d\udd52<\/p>\n<\/li>\n<li>\n<p data-path-to-node=\"19,1,0\"><b data-path-to-node=\"19,1,0\" data-index-in-node=\"0\">Fiyat\/Performans:<\/b> Kahvalt\u0131c\u0131lar Soka\u011f\u0131, Bo\u011faz hatt\u0131ndaki mekanlara g\u00f6re \u00e7ok daha ekonomiktir ancak lezzet olarak geride kalmaz. \ud83d\udcb0<\/p>\n<\/li>\n<li>\n<p data-path-to-node=\"19,2,0\"><b data-path-to-node=\"19,2,0\" data-index-in-node=\"0\">Ula\u015f\u0131m:<\/b> Be\u015fikta\u015f vapur iskelesinden sadece 5-7 dakikal\u0131k bir y\u00fcr\u00fcy\u00fc\u015fle t\u00fcm bu mekanlara ula\u015fabilirsiniz. \u26f4\ufe0f<\/p>\n<\/li>\n<\/ul>\n<h3 data-path-to-node=\"2\">\ud83d\udcca Be\u015fikta\u015f Kahvalt\u0131 Yerleri: 2026 Fiyat &amp; Lezzet Kar\u015f\u0131la\u015ft\u0131rmas\u0131<\/h3>\n<p data-path-to-node=\"3\">Bu tablo, Be\u015fikta\u015f&#8217;\u0131n en pop\u00fcler 10 mekan\u0131n\u0131 en me\u015fhur \u00fcr\u00fcnleri ve tahmini fiyat aral\u0131klar\u0131yla \u00f6zetlemektedir.<\/p>\n<table data-path-to-node=\"4\">\n<thead>\n<tr>\n<td><strong>Mekan Ad\u0131<\/strong><\/td>\n<td><strong>\u2b50 En Me\u015fhur \u00dcr\u00fcn\u00fc<\/strong><\/td>\n<td><strong>\ud83d\udcb0 Tahmini Ki\u015fi Ba\u015f\u0131 Fiyat (2026)<\/strong><\/td>\n<td><strong>\ud83d\udccb \u00d6ne \u00c7\u0131kan \u00d6zelli\u011fi<\/strong><\/td>\n<\/tr>\n<\/thead>\n<tbody>\n<tr>\n<td><span data-path-to-node=\"4,1,0,0\"><b data-path-to-node=\"4,1,0,0\" data-index-in-node=\"0\">Pi\u015fi Cafe<\/b><\/span><\/td>\n<td><span data-path-to-node=\"4,1,1,0\">Kar\u0131\u015f\u0131k Pi\u015fi Taba\u011f\u0131<\/span><\/td>\n<td><span data-path-to-node=\"4,1,2,0\">280 \u20ba &#8211; 350 \u20ba<\/span><\/td>\n<td><span data-path-to-node=\"4,1,3,0\">Pofuduk ve ya\u011f \u00e7ekmeyen pi\u015filer<\/span><\/td>\n<\/tr>\n<tr>\n<td><span data-path-to-node=\"4,2,0,0\"><b data-path-to-node=\"4,2,0,0\" data-index-in-node=\"0\">\u00c7akmak Kahvalt\u0131<\/b><\/span><\/td>\n<td><span data-path-to-node=\"4,2,1,0\">Ball\u0131 Kaymak &amp; Kavurma<\/span><\/td>\n<td><span data-path-to-node=\"4,2,2,0\">350 \u20ba &#8211; 450 \u20ba<\/span><\/td>\n<td><span data-path-to-node=\"4,2,3,0\">En eski ve en geleneksel adres<\/span><\/td>\n<\/tr>\n<tr>\n<td><span data-path-to-node=\"4,3,0,0\"><b data-path-to-node=\"4,3,0,0\" data-index-in-node=\"0\">\u00c7e\u015fme Bazlama<\/b><\/span><\/td>\n<td><span data-path-to-node=\"4,3,1,0\">S\u0131n\u0131rs\u0131z S\u0131cak Bazlama<\/span><\/td>\n<td><span data-path-to-node=\"4,3,2,0\">550 \u20ba &#8211; 650 \u20ba<\/span><\/td>\n<td><span data-path-to-node=\"4,3,3,0\">Doyana kadar servis konsepti<\/span><\/td>\n<\/tr>\n<tr>\n<td><span data-path-to-node=\"4,4,0,0\"><b data-path-to-node=\"4,4,0,0\" data-index-in-node=\"0\">Peynir Ekmek<\/b><\/span><\/td>\n<td><span data-path-to-node=\"4,4,1,0\">Renkli Kahvalt\u0131 Tepsisi<\/span><\/td>\n<td><span data-path-to-node=\"4,4,2,0\">380 \u20ba &#8211; 480 \u20ba<\/span><\/td>\n<td><span data-path-to-node=\"4,4,3,0\">Geni\u015f \u00e7e\u015fit ve bol peynir<\/span><\/td>\n<\/tr>\n<tr>\n<td><span data-path-to-node=\"4,5,0,0\"><b data-path-to-node=\"4,5,0,0\" data-index-in-node=\"0\">White Mill<\/b><\/span><\/td>\n<td><span data-path-to-node=\"4,5,1,0\">Avokadolu Po\u015fe Yumurta<\/span><\/td>\n<td><span data-path-to-node=\"4,5,2,0\">450 \u20ba &#8211; 580 \u20ba<\/span><\/td>\n<td><span data-path-to-node=\"4,5,3,0\">Modern ve \u015f\u0131k brunch ortam\u0131<\/span><\/td>\n<\/tr>\n<tr>\n<td><span data-path-to-node=\"4,6,0,0\"><b data-path-to-node=\"4,6,0,0\" data-index-in-node=\"0\">Balkon Cafe<\/b><\/span><\/td>\n<td><span data-path-to-node=\"4,6,1,0\">Kar\u0131\u015f\u0131k Menemen<\/span><\/td>\n<td><span data-path-to-node=\"4,6,2,0\">340 \u20ba &#8211; 420 \u20ba<\/span><\/td>\n<td><span data-path-to-node=\"4,6,3,0\">Hareketli cadde manzaras\u0131<\/span><\/td>\n<\/tr>\n<tr>\n<td><span data-path-to-node=\"4,7,0,0\"><b data-path-to-node=\"4,7,0,0\" data-index-in-node=\"0\">Re\u00e7el T\u00fcrevleri<\/b><\/span><\/td>\n<td><span data-path-to-node=\"4,7,1,0\">20+ \u00c7e\u015fit Ev Re\u00e7eli<\/span><\/td>\n<td><span data-path-to-node=\"4,7,2,0\">360 \u20ba &#8211; 450 \u20ba<\/span><\/td>\n<td><span data-path-to-node=\"4,7,3,0\">S\u0131ra d\u0131\u015f\u0131 ve do\u011fal tatl\u0131lar<\/span><\/td>\n<\/tr>\n<tr>\n<td><span data-path-to-node=\"4,8,0,0\"><b data-path-to-node=\"4,8,0,0\" data-index-in-node=\"0\">Otantik Kahvalt\u0131<\/b><\/span><\/td>\n<td><span data-path-to-node=\"4,8,1,0\">El A\u00e7mas\u0131 G\u00f6zleme<\/span><\/td>\n<td><span data-path-to-node=\"4,8,2,0\">320 \u20ba &#8211; 400 \u20ba<\/span><\/td>\n<td><span data-path-to-node=\"4,8,3,0\">Ev yap\u0131m\u0131 s\u0131cak lezzetler<\/span><\/td>\n<\/tr>\n<tr>\n<td><span data-path-to-node=\"4,9,0,0\"><b data-path-to-node=\"4,9,0,0\" data-index-in-node=\"0\">Siyah Beyaz<\/b><\/span><\/td>\n<td><span data-path-to-node=\"4,9,1,0\">H\u0131zl\u0131 Kahvalt\u0131 Taba\u011f\u0131<\/span><\/td>\n<td><span data-path-to-node=\"4,9,2,0\">250 \u20ba &#8211; 320 \u20ba<\/span><\/td>\n<td><span data-path-to-node=\"4,9,3,0\">En b\u00fct\u00e7e dostu ve h\u0131zl\u0131 se\u00e7enek<\/span><\/td>\n<\/tr>\n<tr>\n<td><span data-path-to-node=\"4,10,0,0\"><b data-path-to-node=\"4,10,0,0\" data-index-in-node=\"0\">\u00c7ar\u015f\u0131 F\u0131r\u0131n\u0131<\/b><\/span><\/td>\n<td><span data-path-to-node=\"4,10,1,0\">F\u00fcme Kaburga Kruvasan<\/span><\/td>\n<td><span data-path-to-node=\"4,10,2,0\">400 \u20ba &#8211; 520 \u20ba<\/span><\/td>\n<td><span data-path-to-node=\"4,10,3,0\">Yeni nesil artisan dokunu\u015f<\/span><\/td>\n<\/tr>\n<\/tbody>\n<\/table>\n<h3 data-path-to-node=\"2\">\ud83d\udcca Be\u015fikta\u015f Kahvalt\u0131 Yerleri Kar\u015f\u0131la\u015ft\u0131rma Tablosu<\/h3>\n<table data-path-to-node=\"3\">\n<thead>\n<tr>\n<td><strong>Mekan Ad\u0131<\/strong><\/td>\n<td><strong>En Me\u015fhur Lezzeti<\/strong><\/td>\n<td><strong>Kahvalt\u0131 Tarz\u0131<\/strong><\/td>\n<td><strong>Fiyat Segmenti<\/strong><\/td>\n<\/tr>\n<\/thead>\n<tbody>\n<tr>\n<td><span data-path-to-node=\"3,1,0,0\"><b data-path-to-node=\"3,1,0,0\" data-index-in-node=\"0\">Pi\u015fi Cafe<\/b><\/span><\/td>\n<td><span data-path-to-node=\"3,1,1,0\">\u00c7ikolatal\u0131 &amp; Peynirli Pi\u015fi<\/span><\/td>\n<td><span data-path-to-node=\"3,1,2,0\">Sokak Lezzeti<\/span><\/td>\n<td><span data-path-to-node=\"3,1,3,0\">\u20ba\u20ba (Ekonomik)<\/span><\/td>\n<\/tr>\n<tr>\n<td><span data-path-to-node=\"3,2,0,0\"><b data-path-to-node=\"3,2,0,0\" data-index-in-node=\"0\">\u00c7akmak Kahvalt\u0131<\/b><\/span><\/td>\n<td><span data-path-to-node=\"3,2,1,0\">Ball\u0131 Kaymak &amp; Kavurma<\/span><\/td>\n<td><span data-path-to-node=\"3,2,2,0\">Geleneksel<\/span><\/td>\n<td><span data-path-to-node=\"3,2,3,0\">\u20ba\u20ba (Uygun)<\/span><\/td>\n<\/tr>\n<tr>\n<td><span data-path-to-node=\"3,3,0,0\"><b data-path-to-node=\"3,3,0,0\" data-index-in-node=\"0\">Peynir Ekmek<\/b><\/span><\/td>\n<td><span data-path-to-node=\"3,3,1,0\">Renkli Re\u00e7el Taba\u011f\u0131<\/span><\/td>\n<td><span data-path-to-node=\"3,3,2,0\">Klasik Serpme<\/span><\/td>\n<td><span data-path-to-node=\"3,3,3,0\">\u20ba\u20ba (Orta)<\/span><\/td>\n<\/tr>\n<tr>\n<td><span data-path-to-node=\"3,4,0,0\"><b data-path-to-node=\"3,4,0,0\" data-index-in-node=\"0\">Otantik Kahvalt\u0131<\/b><\/span><\/td>\n<td><span data-path-to-node=\"3,4,1,0\">El A\u00e7mas\u0131 G\u00f6zleme<\/span><\/td>\n<td><span data-path-to-node=\"3,4,2,0\">Y\u00f6resel K\u00f6y<\/span><\/td>\n<td><span data-path-to-node=\"3,4,3,0\">\u20ba\u20ba (Orta)<\/span><\/td>\n<\/tr>\n<tr>\n<td><span data-path-to-node=\"3,5,0,0\"><b data-path-to-node=\"3,5,0,0\" data-index-in-node=\"0\">\u00c7ar\u015f\u0131 F\u0131r\u0131n\u0131<\/b><\/span><\/td>\n<td><span data-path-to-node=\"3,5,1,0\">Kruvasan Sandvi\u00e7<\/span><\/td>\n<td><span data-path-to-node=\"3,5,2,0\">Modern \/ Artisan<\/span><\/td>\n<td><span data-path-to-node=\"3,5,3,0\">\u20ba\u20ba\u20ba (\u00dcst Orta)<\/span><\/td>\n<\/tr>\n<tr>\n<td><span data-path-to-node=\"3,6,0,0\"><b data-path-to-node=\"3,6,0,0\" data-index-in-node=\"0\">Balkon Cafe<\/b><\/span><\/td>\n<td><span data-path-to-node=\"3,6,1,0\">Kar\u0131\u015f\u0131k Menemen<\/span><\/td>\n<td><span data-path-to-node=\"3,6,2,0\">Doyurucu Serpme<\/span><\/td>\n<td><span data-path-to-node=\"3,6,3,0\">\u20ba\u20ba (Orta)<\/span><\/td>\n<\/tr>\n<tr>\n<td><span data-path-to-node=\"3,7,0,0\"><b data-path-to-node=\"3,7,0,0\" data-index-in-node=\"0\">Re\u00e7el T\u00fcrevleri<\/b><\/span><\/td>\n<td><span data-path-to-node=\"3,7,1,0\">Ev Yap\u0131m\u0131 20+ Re\u00e7el<\/span><\/td>\n<td><span data-path-to-node=\"3,7,2,0\">Tatl\u0131 Odakl\u0131<\/span><\/td>\n<td><span data-path-to-node=\"3,7,3,0\">\u20ba\u20ba (Orta)<\/span><\/td>\n<\/tr>\n<tr>\n<td><span data-path-to-node=\"3,8,0,0\"><b data-path-to-node=\"3,8,0,0\" data-index-in-node=\"0\">Siyah Beyaz<\/b><\/span><\/td>\n<td><span data-path-to-node=\"3,8,1,0\">Be\u015fikta\u015f Kahvalt\u0131 Taba\u011f\u0131<\/span><\/td>\n<td><span data-path-to-node=\"3,8,2,0\">H\u0131zl\u0131 \/ Pratik<\/span><\/td>\n<td><span data-path-to-node=\"3,8,3,0\">\u20ba\u20ba (Ekonomik)<\/span><\/td>\n<\/tr>\n<tr>\n<td><span data-path-to-node=\"3,9,0,0\"><b data-path-to-node=\"3,9,0,0\" data-index-in-node=\"0\">White Mill<\/b><\/span><\/td>\n<td><span data-path-to-node=\"3,9,1,0\">Avokadolu Po\u015fe Yumurta<\/span><\/td>\n<td><span data-path-to-node=\"3,9,2,0\">Modern Brunch<\/span><\/td>\n<td><span data-path-to-node=\"3,9,3,0\">\u20ba\u20ba\u20ba (\u00dcst)<\/span><\/td>\n<\/tr>\n<tr>\n<td><span data-path-to-node=\"3,10,0,0\"><b data-path-to-node=\"3,10,0,0\" data-index-in-node=\"0\">\u00c7e\u015fme Bazlama<\/b><\/span><\/td>\n<td><span data-path-to-node=\"3,10,1,0\">S\u0131n\u0131rs\u0131z S\u0131cak Bazlama<\/span><\/td>\n<td><span data-path-to-node=\"3,10,2,0\">Anne Eli \/ L\u00fcks<\/span><\/td>\n<td><span data-path-to-node=\"3,10,3,0\">\u20ba\u20ba\u20ba (\u00dcst)<\/span><\/td>\n<\/tr>\n<\/tbody>\n<\/table>\n<hr data-path-to-node=\"4\" \/>\n<h3 data-path-to-node=\"5\">\ud83d\udca1 Ziyaret \u00d6ncesi Bilmeniz Gerekenler<\/h3>\n<p data-path-to-node=\"6\">Bu <b data-path-to-node=\"6\" data-index-in-node=\"3\">Be\u015fikta\u015f kahvalt\u0131 yerleri<\/b> listesinden en iyi verimi almak i\u00e7in \u015fu 3 kriteri g\u00f6z \u00f6n\u00fcnde bulundurman\u0131z\u0131 \u00f6neririz:<\/p>\n<ul data-path-to-node=\"7\">\n<li>\n<p data-path-to-node=\"7,0,0\"><b data-path-to-node=\"7,0,0\" data-index-in-node=\"0\">Porsiyon B\u00fcy\u00fckl\u00fc\u011f\u00fc:<\/b> E\u011fer &#8220;\u00e7ok ac\u0131kt\u0131m, masadan kalkamayay\u0131m&#8221; diyorsan\u0131z tercihiniz <b data-path-to-node=\"7,0,0\" data-index-in-node=\"83\">\u00c7e\u015fme Bazlama<\/b> veya <b data-path-to-node=\"7,0,0\" data-index-in-node=\"102\">Peynir Ekmek<\/b> olmal\u0131. \ud83e\udd58<\/p>\n<\/li>\n<li>\n<p data-path-to-node=\"7,1,0\"><b data-path-to-node=\"7,1,0\" data-index-in-node=\"0\">H\u0131z ve Pratiklik:<\/b> Be\u015fikta\u015f \u00e7ar\u015f\u0131da h\u0131zl\u0131 bir tur \u00f6ncesi at\u0131\u015ft\u0131rmak istiyorsan\u0131z <b data-path-to-node=\"7,1,0\" data-index-in-node=\"80\">Pi\u015fi Cafe<\/b> veya <b data-path-to-node=\"7,1,0\" data-index-in-node=\"95\">Siyah Beyaz<\/b> tam size g\u00f6re. \ud83c\udfc3\u200d\u2642\ufe0f<\/p>\n<\/li>\n<li>\n<p data-path-to-node=\"7,2,0\"><b data-path-to-node=\"7,2,0\" data-index-in-node=\"0\">Ambiyans:<\/b> Sakin bir sabah ve kaliteli bir kahve e\u015fli\u011finde kahvalt\u0131 hayal ediyorsan\u0131z rotan\u0131z\u0131 Akaretler taraf\u0131ndaki <b data-path-to-node=\"7,2,0\" data-index-in-node=\"116\">White Mill<\/b>\u2019e \u00e7evirmelisiniz. \ud83c\udf3f<\/p>\n<\/li>\n<\/ul>\n<hr data-path-to-node=\"8\" \/>\n<h3 data-path-to-node=\"9\">\ud83e\udd57 Sa\u011fl\u0131kl\u0131 Se\u00e7enek Arayanlara Not<\/h3>\n<p data-path-to-node=\"10\">Be\u015fikta\u015f kahvalt\u0131 k\u00fclt\u00fcr\u00fc genellikle hamur i\u015fi (pi\u015fi, bazlama) \u00fczerine kuruludur. Ancak listedeki <b data-path-to-node=\"10\" data-index-in-node=\"98\">White Mill<\/b> ve <b data-path-to-node=\"10\" data-index-in-node=\"112\">Otantik<\/b>, taze salatalar\u0131 ve glutensiz se\u00e7enekleriyle daha hafif bir ba\u015flang\u0131\u00e7 yapmak isteyenleri de mutlu edecektir.<\/p>\n","protected":false},"excerpt":{"rendered":"<p>Be\u015fikta\u015f&#8217;\u0131n En Me\u015fhur Kahvalt\u0131 Mekanlar\u0131 2026 \u0130stanbul\u2019un kalbinde g\u00fcne enerjik bir ba\u015flang\u0131\u00e7 yapmak isteyenlerin ilk dura\u011f\u0131 olan Be\u015fikta\u015f kahvalt\u0131 yerleri, 2026 y\u0131l\u0131nda da hem geleneksel lezzetleri hem de modern sunumlar\u0131yla pop\u00fclerli\u011fini koruyor. \u00d6zellikle me\u015fhur Kahvalt\u0131c\u0131lar Soka\u011f\u0131\u2019n\u0131n samimi atmosferinden sahil hatt\u0131n\u0131n e\u015fsiz bo\u011faz manzaras\u0131na kadar uzanan bu geni\u015f yelpaze, her damak tad\u0131na hitap eden se\u00e7enekler sunuyor. &hellip; <a href=\"https:\/\/rizekoypazari.com\/tours\/besiktas-kahvalti-yerleri-en-iyi-10-mekan-2026-%e2%9c%85\/\" class=\"more-link\"><span class=\"screen-reader-text\">Be\u015fikta\u015f Kahvalt\u0131 Yerleri | En \u0130yi 10 Mekan 2026 \u2705<\/span> yaz\u0131s\u0131na devam et <span class=\"meta-nav\">&rarr;<\/span><\/a><\/p>\n","protected":false},"author":1,"featured_media":0,"parent":0,"menu_order":0,"comment_status":"closed","ping_status":"closed","template":"","meta":{"footnotes":""},"class_list":["post-564","page","type-page","status-publish","hentry"],"aioseo_notices":[],"_links":{"self":[{"href":"https:\/\/rizekoypazari.com\/tours\/wp-json\/wp\/v2\/pages\/564","targetHints":{"allow":["GET"]}}],"collection":[{"href":"https:\/\/rizekoypazari.com\/tours\/wp-json\/wp\/v2\/pages"}],"about":[{"href":"https:\/\/rizekoypazari.com\/tours\/wp-json\/wp\/v2\/types\/page"}],"author":[{"embeddable":true,"href":"https:\/\/rizekoypazari.com\/tours\/wp-json\/wp\/v2\/users\/1"}],"replies":[{"embeddable":true,"href":"https:\/\/rizekoypazari.com\/tours\/wp-json\/wp\/v2\/comments?post=564"}],"version-history":[{"count":1,"href":"https:\/\/rizekoypazari.com\/tours\/wp-json\/wp\/v2\/pages\/564\/revisions"}],"predecessor-version":[{"id":567,"href":"https:\/\/rizekoypazari.com\/tours\/wp-json\/wp\/v2\/pages\/564\/revisions\/567"}],"wp:attachment":[{"href":"https:\/\/rizekoypazari.com\/tours\/wp-json\/wp\/v2\/media?parent=564"}],"curies":[{"name":"wp","href":"https:\/\/api.w.org\/{rel}","templated":true}]}}