{"id":485,"date":"2026-01-22T21:34:31","date_gmt":"2026-01-22T21:34:31","guid":{"rendered":"https:\/\/rizekoypazari.com\/tours\/?page_id=485"},"modified":"2026-02-21T22:26:49","modified_gmt":"2026-02-21T22:26:49","slug":"rize-kahvalti-yerleri-2026-manzarali-ve-en-iyi-10-mekan","status":"publish","type":"page","link":"https:\/\/rizekoypazari.com\/tours\/rize-kahvalti-yerleri-2026-manzarali-ve-en-iyi-10-mekan\/","title":{"rendered":"Rize Kahvalt\u0131 Yerleri | Manzaral\u0131 En \u0130yi 10 Mekan"},"content":{"rendered":"<h2 data-start=\"193\" data-end=\"271\"><strong data-start=\"195\" data-end=\"271\">Rize Kahvalt\u0131 Mekanlar\u0131: Do\u011fan\u0131n Kalbinde Unutulmaz Kahvalt\u0131 Deneyimleri<\/strong><\/h2>\n<figure id=\"attachment_486\" aria-describedby=\"caption-attachment-486\" style=\"width: 800px\" class=\"wp-caption alignnone\"><img loading=\"lazy\" decoding=\"async\" class=\"size-full wp-image-486\" src=\"https:\/\/rizekoypazari.com\/tours\/wp-content\/uploads\/2026\/01\/Rize-Kahvalti-Yerleri-_-Manzarali-En-Iyi-10-Mekan.png\" alt=\"Rize Kahvalt\u0131 Yerleri | Manzaral\u0131 En \u0130yi 10 Mekan\" width=\"800\" height=\"475\" srcset=\"https:\/\/rizekoypazari.com\/tours\/wp-content\/uploads\/2026\/01\/Rize-Kahvalti-Yerleri-_-Manzarali-En-Iyi-10-Mekan.png 800w, https:\/\/rizekoypazari.com\/tours\/wp-content\/uploads\/2026\/01\/Rize-Kahvalti-Yerleri-_-Manzarali-En-Iyi-10-Mekan-300x178.png 300w, https:\/\/rizekoypazari.com\/tours\/wp-content\/uploads\/2026\/01\/Rize-Kahvalti-Yerleri-_-Manzarali-En-Iyi-10-Mekan-768x456.png 768w\" sizes=\"auto, (max-width: 800px) 100vw, 800px\" \/><figcaption id=\"caption-attachment-486\" class=\"wp-caption-text\">Rize Kahvalt\u0131 Yerleri | Manzaral\u0131 En \u0130yi 10 Mekan<\/figcaption><\/figure>\n<p data-start=\"273\" data-end=\"728\">Karadeniz\u2019in yemye\u015fil do\u011fas\u0131, sisli yaylalar\u0131 ve e\u015fsiz mutfa\u011f\u0131yla \u00f6ne \u00e7\u0131kan Rize, kahvalt\u0131 k\u00fclt\u00fcr\u00fcyle de adeta bir gastronomi cennetidir. <a href=\"https:\/\/rizekoypazari.com\/tours\/rize-kahvalti-ye\u2026-en-iyi-10-mekan\/\"><strong data-start=\"411\" data-end=\"438\">Rize kahvalt\u0131 yerleri<\/strong>,<\/a> do\u011fal \u00fcr\u00fcnler, y\u00f6resel lezzetler ve manzarayla birle\u015fen atmosferleriyle hem yerli hem de yabanc\u0131 ziyaret\u00e7ilerin ilgisini \u00e7ekmektedir. Bu yaz\u0131da, Rize\u2019de kahvalt\u0131 denince akla gelen <strong data-start=\"621\" data-end=\"641\">en iyi mekanlar\u0131<\/strong>, \u00f6ne \u00e7\u0131kan \u00f6zellikleri ve neden tercih edilmesi gerekti\u011fini detayl\u0131 \u015fekilde ele ald\u0131k.<\/p>\n<hr data-start=\"730\" data-end=\"733\" \/>\n<p data-path-to-node=\"0\">Rize\u2019de bir sabah uyand\u0131\u011f\u0131n\u0131zda burnunuza gelen o taze m\u0131s\u0131r ekme\u011fi ve demli \u00e7ay kokusu, \u015fehri ke\u015ffetmek i\u00e7in en b\u00fcy\u00fck motivasyonunuzdur. Rize kahvalt\u0131s\u0131 bir &#8220;\u00f6\u011f\u00fcn&#8221; de\u011fil, yayla peynirinden m\u0131s\u0131r ununa, tereya\u011f\u0131ndan kavurmaya uzanan bir <b data-path-to-node=\"0\" data-index-in-node=\"237\"><a href=\"https:\/\/tr.wikipedia.org\/wiki\/Gastronomi\">gastronomi<\/a> ser\u00fcvenidir.<\/b><\/p>\n<p data-path-to-node=\"1\">\u0130\u015fte lezzet tutkunlar\u0131 ve do\u011fa a\u015f\u0131klar\u0131 i\u00e7in \u00f6zenle se\u00e7ilmi\u015f, Rize\u2019nin en iyi 10 kahvalt\u0131 mekan\u0131:<\/p>\n<hr data-path-to-node=\"2\" \/>\n<h3 data-path-to-node=\"3\">1. Sini Y\u00f6resel Kahvalt\u0131 ve Yemek Yeri (\u00c7aml\u0131hem\u015fin)<\/h3>\n<p data-path-to-node=\"4\">\u00c7aml\u0131hem\u015fin\u2019in merkezinde, F\u0131rt\u0131na Deresi\u2019nin hemen yan\u0131 ba\u015f\u0131nda yer alan Sini, y\u00f6resel kahvalt\u0131n\u0131n Rize&#8217;deki &#8220;alt\u0131n standart\u0131&#8221; olarak kabul edilir.<\/p>\n<ul data-path-to-node=\"5\">\n<li>\n<p data-path-to-node=\"5,0,0\"><b data-path-to-node=\"5,0,0\" data-index-in-node=\"0\">Neden Gitmeli:<\/b> Bak\u0131r sahanlarda servis edilen efsanevi <b data-path-to-node=\"5,0,0\" data-index-in-node=\"55\">m\u0131hlamas\u0131<\/b> ve sadece burada tadabilece\u011finiz <b data-path-to-node=\"5,0,0\" data-index-in-node=\"98\">m\u0131s\u0131r unu helvas\u0131<\/b> i\u00e7in.<\/p>\n<\/li>\n<li>\n<p data-path-to-node=\"5,1,0\"><b data-path-to-node=\"5,1,0\" data-index-in-node=\"0\">\u00d6zellik:<\/b> Tamamen do\u011fal, k\u00f6yl\u00fclerin \u00fcretti\u011fi tereya\u011f\u0131 ve peynirler kullan\u0131l\u0131yor.<\/p>\n<\/li>\n<\/ul>\n<h3 data-path-to-node=\"6\">2. Evvel Zaman Y\u00f6resel Yemek ve K\u00fclt\u00fcr Evi (Merkez)<\/h3>\n<p data-path-to-node=\"7\">Rize merkezde, tarihi bir konakta zamanda yolculuk yapmaya ne dersiniz? M\u00fcze tad\u0131ndaki bu mekan, Vedat Milor&#8217;un da radar\u0131na girmi\u015f tescilli bir lezzet noktas\u0131d\u0131r.<\/p>\n<ul data-path-to-node=\"8\">\n<li>\n<p data-path-to-node=\"8,0,0\"><b data-path-to-node=\"8,0,0\" data-index-in-node=\"0\">Neden Gitmeli:<\/b> Nostaljik atmosferi ve geleneksel sunumuyla ger\u00e7ek bir &#8220;eski Rize&#8221; kahvalt\u0131s\u0131 deneyimi ya\u015famak i\u00e7in.<\/p>\n<\/li>\n<li>\n<p data-path-to-node=\"8,1,0\"><b data-path-to-node=\"8,1,0\" data-index-in-node=\"0\">\u00d6zellik:<\/b> Sofrada sunulan her \u00fcr\u00fcn\u00fcn bir hikayesi var.<\/p>\n<\/li>\n<\/ul>\n<h3 data-path-to-node=\"9\">3. Ye\u015fil Vadi Restaurant (F\u0131rt\u0131na Vadisi)<\/h3>\n<p data-path-to-node=\"10\">Pokut ve Sal yaylalar\u0131na \u00e7\u0131kmadan \u00f6nceki son durak olan Ye\u015fil Vadi, dere \u015f\u0131r\u0131lt\u0131s\u0131 e\u015fli\u011finde kahvalt\u0131 yapabilece\u011finiz en huzurlu noktalardan biridir.<\/p>\n<ul data-path-to-node=\"11\">\n<li>\n<p data-path-to-node=\"11,0,0\"><b data-path-to-node=\"11,0,0\" data-index-in-node=\"0\">Neden Gitmeli:<\/b> Nehir kenar\u0131ndaki masalarda, m\u0131s\u0131r ekme\u011fini taze kayma\u011fa banmak i\u00e7in.<\/p>\n<\/li>\n<li>\n<p data-path-to-node=\"11,1,0\"><b data-path-to-node=\"11,1,0\" data-index-in-node=\"0\">\u00d6zellik:<\/b> Kalabal\u0131k gruplar i\u00e7in olduk\u00e7a geni\u015f ve ferah bir a\u00e7\u0131k alana sahip.<\/p>\n<\/li>\n<\/ul>\n<h3 data-path-to-node=\"12\">4. Da\u011fmaran Restaurant (Merkez \/ Da\u011fsu)<\/h3>\n<p data-path-to-node=\"13\">\u015eehre tepeden bakmak ama ayn\u0131 zamanda y\u00f6resel lezzetlerden \u00f6d\u00fcn vermemek istiyorsan\u0131z adresiniz Da\u011fmaran olmal\u0131.<\/p>\n<ul data-path-to-node=\"14\">\n<li>\n<p data-path-to-node=\"14,0,0\"><b data-path-to-node=\"14,0,0\" data-index-in-node=\"0\">Neden Gitmeli:<\/b> Rize\u2019nin panoramik manzaras\u0131 ve me\u015fhur <b data-path-to-node=\"14,0,0\" data-index-in-node=\"54\">Rize Kavurmas\u0131<\/b> ile zenginle\u015ftirilmi\u015f kahvalt\u0131s\u0131 i\u00e7in.<\/p>\n<\/li>\n<li>\n<p data-path-to-node=\"14,1,0\"><b data-path-to-node=\"14,1,0\" data-index-in-node=\"0\">\u00d6zellik:<\/b> Hem deniz hem de \u015fehir manzaras\u0131n\u0131 ayn\u0131 anda sunan ender noktalardan.<\/p>\n<\/li>\n<\/ul>\n<h3 data-path-to-node=\"15\">5. Yeni Bahar Restoran (Merkez \/ Da\u011fba\u015f\u0131)<\/h3>\n<p data-path-to-node=\"16\">&#8220;En iyi m\u0131hlama nerede yenir?&#8221; sorusuna yerel halk\u0131n verdi\u011fi pop\u00fcler cevaplardan biridir. \u015eehir merkezinden k\u0131sa bir t\u0131rman\u0131\u015fla ula\u015fabilece\u011finiz bir lezzet dura\u011f\u0131.<\/p>\n<ul data-path-to-node=\"17\">\n<li>\n<p data-path-to-node=\"17,0,0\"><b data-path-to-node=\"17,0,0\" data-index-in-node=\"0\">Neden Gitmeli:<\/b> K\u0131vam\u0131 hi\u00e7 de\u011fi\u015fmeyen m\u0131hlamas\u0131 ve s\u0131cak m\u0131s\u0131r ekme\u011fi ikilisi i\u00e7in.<\/p>\n<\/li>\n<li>\n<p data-path-to-node=\"17,1,0\"><b data-path-to-node=\"17,1,0\" data-index-in-node=\"0\">\u00d6zellik:<\/b> \u015eehrin g\u00fcr\u00fclt\u00fcs\u00fcnden uzak, sakin bir aile ortam\u0131.<\/p>\n<\/li>\n<\/ul>\n<h3 data-path-to-node=\"18\">6. Osmanl\u0131 Restoran (Arde\u015fen \/ Ayder Yolu)<\/h3>\n<p data-path-to-node=\"19\">Ayder Yaylas\u0131 yolu \u00fczerinde, F\u0131rt\u0131na Deresi \u00fczerine kurulu bu mekan, otantik ah\u015fap yap\u0131s\u0131yla dikkat \u00e7eker.<\/p>\n<ul data-path-to-node=\"20\">\n<li>\n<p data-path-to-node=\"20,0,0\"><b data-path-to-node=\"20,0,0\" data-index-in-node=\"0\">Neden Gitmeli:<\/b> Dere \u00fczerine kurulan platformlarda, suyun serinli\u011fini hissederek kahvalt\u0131 yapmak i\u00e7in.<\/p>\n<\/li>\n<li>\n<p data-path-to-node=\"20,1,0\"><b data-path-to-node=\"20,1,0\" data-index-in-node=\"0\">\u00d6zellik:<\/b> Y\u00f6resel \u00fcr\u00fcnlerin yan\u0131 s\u0131ra zengin serpme kahvalt\u0131 se\u00e7enekleri sunuyor.<\/p>\n<\/li>\n<\/ul>\n<h3 data-path-to-node=\"21\">7. \u00c7ayla Rize (Merkez)<\/h3>\n<p data-path-to-node=\"22\">Modern bir dokunu\u015fla geleneksel lezzetleri birle\u015ftiren \u00c7ayla, \u00f6zellikle gen\u00e7ler ve modern sunum sevenler i\u00e7in ideal.<\/p>\n<ul data-path-to-node=\"23\">\n<li>\n<p data-path-to-node=\"23,0,0\"><b data-path-to-node=\"23,0,0\" data-index-in-node=\"0\">Neden Gitmeli:<\/b> \u015e\u0131k sunumlar ve Rize \u00e7ay\u0131n\u0131n en kaliteli harmanlar\u0131n\u0131 tatmak i\u00e7in.<\/p>\n<\/li>\n<li>\n<p data-path-to-node=\"23,1,0\"><b data-path-to-node=\"23,1,0\" data-index-in-node=\"0\">\u00d6zellik:<\/b> Sahil yoluna yak\u0131nl\u0131\u011f\u0131 ve modern kafe konseptiyle ula\u015f\u0131m\u0131 \u00e7ok kolay.<\/p>\n<\/li>\n<\/ul>\n<h3 data-path-to-node=\"24\">8. \u015eahin Tepesi Cafe &amp; Restaurant (Merkez)<\/h3>\n<p data-path-to-node=\"25\">Rize\u2019nin balkonuna davetlisiniz. \u015eahin Tepesi, ad\u0131ndan da anla\u015f\u0131laca\u011f\u0131 gibi \u015fehrin en y\u00fcksek ve hakim noktalar\u0131ndan birinde yer al\u0131yor.<\/p>\n<ul data-path-to-node=\"26\">\n<li>\n<p data-path-to-node=\"26,0,0\"><b data-path-to-node=\"26,0,0\" data-index-in-node=\"0\">Neden Gitmeli:<\/b> Ku\u015f bak\u0131\u015f\u0131 Rize manzaras\u0131na kar\u015f\u0131, uzun ve keyifli bir hafta sonu kahvalt\u0131s\u0131 i\u00e7in.<\/p>\n<\/li>\n<li>\n<p data-path-to-node=\"26,1,0\"><b data-path-to-node=\"26,1,0\" data-index-in-node=\"0\">\u00d6zellik:<\/b> \u00c7ocuk park\u0131 ve geni\u015f alan\u0131 ile aileler i\u00e7in \u00e7ok konforlu.<\/p>\n<\/li>\n<\/ul>\n<h3 data-path-to-node=\"27\">9. Punn Restoran (\u00c7aml\u0131hem\u015fin)<\/h3>\n<p data-path-to-node=\"28\">Butik bir aile i\u015fletmesi olan Punn, samimiyeti ve &#8220;anne eli de\u011fmi\u015f&#8221; gibi hissettiren lezzetleriyle \u00f6ne \u00e7\u0131k\u0131yor.<\/p>\n<ul data-path-to-node=\"29\">\n<li>\n<p data-path-to-node=\"29,0,0\"><b data-path-to-node=\"29,0,0\" data-index-in-node=\"0\">Neden Gitmeli:<\/b> Ev yap\u0131m\u0131 re\u00e7elleri ve taze pi\u015fmi\u015f <b data-path-to-node=\"29,0,0\" data-index-in-node=\"50\">Rize Simidi<\/b> ile yap\u0131lan kombinasyonlar i\u00e7in.<\/p>\n<\/li>\n<li>\n<p data-path-to-node=\"29,1,0\"><b data-path-to-node=\"29,1,0\" data-index-in-node=\"0\">\u00d6zellik:<\/b> K\u00fc\u00e7\u00fck ve samimi bir atmosfer, ki\u015fiye \u00f6zel ilgi.<\/p>\n<\/li>\n<\/ul>\n<h3 data-path-to-node=\"30\">10. Plato&#8217;da Mola (Pokut Yaylas\u0131)<\/h3>\n<p data-path-to-node=\"31\">Listemizin en &#8220;zirve&#8221; noktas\u0131. 2000 metre rak\u0131mda, bulut denizine bakarak kahvalt\u0131 yapmak her kula nasip olmaz.<\/p>\n<ul data-path-to-node=\"32\">\n<li>\n<p data-path-to-node=\"32,0,0\"><b data-path-to-node=\"32,0,0\" data-index-in-node=\"0\">Neden Gitmeli:<\/b> D\u00fcnyada e\u015fi benzeri az bulunan o me\u015fhur <b data-path-to-node=\"32,0,0\" data-index-in-node=\"55\">&#8220;bulut denizi&#8221;<\/b> manzaras\u0131nda kahvalt\u0131 deneyimi i\u00e7in.<\/p>\n<\/li>\n<li>\n<p data-path-to-node=\"32,1,0\"><b data-path-to-node=\"32,1,0\" data-index-in-node=\"0\">\u00d6zellik:<\/b> Sadece kahvalt\u0131 de\u011fil, hayat boyu unutulmayacak bir an\u0131 vaat ediyor. (Ula\u015f\u0131m i\u00e7in arazi arac\u0131 \u015fartt\u0131r).<\/p>\n<\/li>\n<\/ul>\n<hr data-path-to-node=\"33\" \/>\n<h2 data-path-to-node=\"34\">Rize Kahvalt\u0131 Sofras\u0131nda Neler Olmal\u0131? (Check-list)<\/h2>\n<ul data-path-to-node=\"35\">\n<li>\n<p data-path-to-node=\"35,0,0\">[ ] <b data-path-to-node=\"35,0,0\" data-index-in-node=\"4\">M\u0131hlama:<\/b> Olmazsa olmaz. Peyniri en az 30-40 cm uzamal\u0131.<\/p>\n<\/li>\n<li>\n<p data-path-to-node=\"35,1,0\">[ ] <b data-path-to-node=\"35,1,0\" data-index-in-node=\"4\">Kel Simit:<\/b> Susams\u0131z, hafif sert ve pekmezli.<\/p>\n<\/li>\n<li>\n<p data-path-to-node=\"35,2,0\">[ ] <b data-path-to-node=\"35,2,0\" data-index-in-node=\"4\">Minzi:<\/b> Peynir ve \u00e7\u00f6kelek aras\u0131 o \u00f6zel lezzet.<\/p>\n<\/li>\n<li>\n<p data-path-to-node=\"35,3,0\">[ ] <b data-path-to-node=\"35,3,0\" data-index-in-node=\"4\">Anzer Bal\u0131:<\/b> D\u00fcnyaca \u00fcnl\u00fc, \u015fifa deposu.<\/p>\n<\/li>\n<li>\n<p data-path-to-node=\"35,4,0\">[ ] <b data-path-to-node=\"35,4,0\" data-index-in-node=\"4\">Kavurma:<\/b> Rize usul\u00fc, lokum gibi pi\u015fmi\u015f.<\/p>\n<\/li>\n<\/ul>\n<hr data-path-to-node=\"36\" \/>\n<p data-path-to-node=\"37\"><b data-path-to-node=\"37\" data-index-in-node=\"0\">\u0130pucu:<\/b> Rize\u2019de kahvalt\u0131 mekanlar\u0131 hafta sonu (\u00f6zellikle Pazar) \u00e7ok kalabal\u0131k olabilir. Manzaral\u0131 masalar\u0131 kapmak i\u00e7in sabah <b data-path-to-node=\"37\" data-index-in-node=\"124\">09:00\u2019dan \u00f6nce<\/b> mekanda olman\u0131z\u0131 veya mutlaka rezervasyon yapt\u0131rman\u0131z\u0131 \u00f6neririm.<\/p>\n<hr data-start=\"2922\" data-end=\"2925\" \/>\n<h2 data-start=\"2927\" data-end=\"2971\"><strong data-start=\"2930\" data-end=\"2971\">Rize\u2019de Kahvalt\u0131 Bir Rit\u00fceldir<\/strong><\/h2>\n<p data-start=\"2973\" data-end=\"3246\">Rize kahvalt\u0131 mekanlar\u0131; do\u011fa, lezzet ve huzuru ayn\u0131 masada bulu\u015fturur. \u0130ster deniz kenar\u0131nda ister yaylada olsun, Rize\u2019de yap\u0131lan her kahvalt\u0131 ruhu dinlendirir, g\u00fcne enerjik ba\u015flaman\u0131 sa\u011flar. E\u011fer yolun Karadeniz\u2019e d\u00fc\u015ferse, bu mekanlar\u0131 listenin en \u00fcst\u00fcne eklemeyi unutma.<\/p>\n","protected":false},"excerpt":{"rendered":"<p>Rize Kahvalt\u0131 Mekanlar\u0131: Do\u011fan\u0131n Kalbinde Unutulmaz Kahvalt\u0131 Deneyimleri Karadeniz\u2019in yemye\u015fil do\u011fas\u0131, sisli yaylalar\u0131 ve e\u015fsiz mutfa\u011f\u0131yla \u00f6ne \u00e7\u0131kan Rize, kahvalt\u0131 k\u00fclt\u00fcr\u00fcyle de adeta bir gastronomi cennetidir. Rize kahvalt\u0131 yerleri, do\u011fal \u00fcr\u00fcnler, y\u00f6resel lezzetler ve manzarayla birle\u015fen atmosferleriyle hem yerli hem de yabanc\u0131 ziyaret\u00e7ilerin ilgisini \u00e7ekmektedir. Bu yaz\u0131da, Rize\u2019de kahvalt\u0131 denince akla gelen en iyi mekanlar\u0131, &hellip; <a href=\"https:\/\/rizekoypazari.com\/tours\/rize-kahvalti-yerleri-2026-manzarali-ve-en-iyi-10-mekan\/\" class=\"more-link\"><span class=\"screen-reader-text\">Rize Kahvalt\u0131 Yerleri | Manzaral\u0131 En \u0130yi 10 Mekan<\/span> yaz\u0131s\u0131na devam et <span class=\"meta-nav\">&rarr;<\/span><\/a><\/p>\n","protected":false},"author":1,"featured_media":0,"parent":0,"menu_order":0,"comment_status":"closed","ping_status":"closed","template":"","meta":{"footnotes":""},"class_list":["post-485","page","type-page","status-publish","hentry"],"aioseo_notices":[],"_links":{"self":[{"href":"https:\/\/rizekoypazari.com\/tours\/wp-json\/wp\/v2\/pages\/485","targetHints":{"allow":["GET"]}}],"collection":[{"href":"https:\/\/rizekoypazari.com\/tours\/wp-json\/wp\/v2\/pages"}],"about":[{"href":"https:\/\/rizekoypazari.com\/tours\/wp-json\/wp\/v2\/types\/page"}],"author":[{"embeddable":true,"href":"https:\/\/rizekoypazari.com\/tours\/wp-json\/wp\/v2\/users\/1"}],"replies":[{"embeddable":true,"href":"https:\/\/rizekoypazari.com\/tours\/wp-json\/wp\/v2\/comments?post=485"}],"version-history":[{"count":2,"href":"https:\/\/rizekoypazari.com\/tours\/wp-json\/wp\/v2\/pages\/485\/revisions"}],"predecessor-version":[{"id":525,"href":"https:\/\/rizekoypazari.com\/tours\/wp-json\/wp\/v2\/pages\/485\/revisions\/525"}],"wp:attachment":[{"href":"https:\/\/rizekoypazari.com\/tours\/wp-json\/wp\/v2\/media?parent=485"}],"curies":[{"name":"wp","href":"https:\/\/api.w.org\/{rel}","templated":true}]}}