{"id":479,"date":"2026-01-21T11:51:34","date_gmt":"2026-01-21T11:51:34","guid":{"rendered":"https:\/\/rizekoypazari.com\/tours\/?page_id=479"},"modified":"2026-02-21T22:26:03","modified_gmt":"2026-02-21T22:26:03","slug":"alanya-kahvalti-yerleri-en-iyi-8-mekan-2026","status":"publish","type":"page","link":"https:\/\/rizekoypazari.com\/tours\/alanya-kahvalti-yerleri-en-iyi-8-mekan-2026\/","title":{"rendered":"Alanya Kahvalt\u0131 Yerleri | En \u0130yi 8 Mekan 2026"},"content":{"rendered":"<h2 data-path-to-node=\"3\">Alanya Kahvalt\u0131 Rehberi: G\u00fcne Merhaba Diyece\u011finiz En \u0130yi 8 Mekan<\/h2>\n<figure id=\"attachment_481\" aria-describedby=\"caption-attachment-481\" style=\"width: 800px\" class=\"wp-caption alignnone\"><img loading=\"lazy\" decoding=\"async\" class=\"size-full wp-image-481\" src=\"https:\/\/rizekoypazari.com\/tours\/wp-content\/uploads\/2026\/01\/Alanya-Kahvalti-Yerleri-2026-En-Iyi-8-Mekan-\u2714\ufe0f.png\" alt=\"Alanya Kahvalt\u0131 Yerleri 2026: En \u0130yi 8 Mekan \u2714\ufe0f\" width=\"800\" height=\"475\" srcset=\"https:\/\/rizekoypazari.com\/tours\/wp-content\/uploads\/2026\/01\/Alanya-Kahvalti-Yerleri-2026-En-Iyi-8-Mekan-\u2714\ufe0f.png 800w, https:\/\/rizekoypazari.com\/tours\/wp-content\/uploads\/2026\/01\/Alanya-Kahvalti-Yerleri-2026-En-Iyi-8-Mekan-\u2714\ufe0f-300x178.png 300w, https:\/\/rizekoypazari.com\/tours\/wp-content\/uploads\/2026\/01\/Alanya-Kahvalti-Yerleri-2026-En-Iyi-8-Mekan-\u2714\ufe0f-768x456.png 768w\" sizes=\"auto, (max-width: 800px) 100vw, 800px\" \/><figcaption id=\"caption-attachment-481\" class=\"wp-caption-text\">Alanya Kahvalt\u0131 Yerleri 2026: En \u0130yi 8 Mekan \u2714\ufe0f<\/figcaption><\/figure>\n<p data-path-to-node=\"4\">Alanya\u2019n\u0131n masmavi denizi ve tarihi dokusuyla b\u00fcy\u00fclenmeden \u00f6nce, g\u00fcne enerjik ve lezzet dolu bir ba\u015flang\u0131\u00e7 yapmak \u015fart. <a href=\"https:\/\/rizekoypazari.com\/tours\/alanya-kahvalti-yerleri-en-iyi-8-mekan-2026\/\"><b data-path-to-node=\"3\" data-index-in-node=\"121\">Alanya kahvalt\u0131 yerleri<\/b> <\/a>rehberimizle, \u015fehrin en pop\u00fcler duraklar\u0131n\u0131 ve yerel lezzetlerin en \u00f6zg\u00fcn adreslerini sizin i\u00e7in bir araya getirdik. Alanya Kalesi\u2019nin panoramik manzaras\u0131ndan Gedevet Yaylas\u0131\u2019n\u0131n bol oksijenli havas\u0131na, Dim \u00c7ay\u0131\u2019n\u0131n huzur veren serinli\u011finden portakal bah\u00e7elerinin kokusuna kadar uzanan bu listede; damak tad\u0131n\u0131za en uygun <strong>Alanya da kahvalt\u0131 yap\u0131lacak yerler<\/strong> aras\u0131ndan se\u00e7iminizi yapabilir, tatilinizi unutulmaz bir gastronomi deneyimine d\u00f6n\u00fc\u015ft\u00fcrebilirsiniz.&#8221;<\/p>\n<p data-path-to-node=\"4\">Alanya denilince akla gelen turkuaz deniz ve tarihi doku, asl\u0131nda muazzam bir gastronomi d\u00fcnyas\u0131n\u0131n sadece kapak sayfas\u0131d\u0131r. Akdeniz\u2019in bu incisinde g\u00fcne ba\u015flaman\u0131n en tatl\u0131 yolu, y\u00f6resel lezzetlerle donat\u0131lm\u0131\u015f bir kahvalt\u0131 sofras\u0131ndan ge\u00e7er. \u0130ster <a href=\"https:\/\/tr.wikipedia.org\/wiki\/Alanya_Kalesi\"><b data-path-to-node=\"4\" data-index-in-node=\"249\">Alanya Kalesi<\/b>\u2019<\/a>nin b\u00fcy\u00fcleyici manzaras\u0131na kar\u015f\u0131, ister <b data-path-to-node=\"4\" data-index-in-node=\"303\">Dim \u00c7ay\u0131<\/b>\u2019n\u0131n serin sular\u0131n\u0131n yan\u0131 ba\u015f\u0131nda\u2026<\/p>\n<p data-path-to-node=\"5\">\u0130\u015fte tatil planlar\u0131n\u0131z\u0131 erkene ald\u0131rman\u0131za sebep olacak, Alanya\u2019n\u0131n en me\u015fhur kahvalt\u0131 duraklar\u0131:<\/p>\n<h3 data-path-to-node=\"6\">1. Manzaran\u0131n Zirvesi: Muhtar\u2019\u0131n Yeri<\/h3>\n<p data-path-to-node=\"7\">Alanya\u2019y\u0131 tam anlam\u0131yla ayaklar\u0131n\u0131z\u0131n alt\u0131na seren bir noktada, kalenin en y\u00fcksek kesimlerinde yer alan <b data-path-to-node=\"7\" data-index-in-node=\"104\">Muhtar\u2019\u0131n Yeri<\/b>, g\u00f6rsel bir \u015f\u00f6len sunuyor.<\/p>\n<ul data-path-to-node=\"8\">\n<li>\n<p data-path-to-node=\"8,0,0\"><b data-path-to-node=\"8,0,0\" data-index-in-node=\"0\">\u00d6ne \u00c7\u0131kan Lezzet:<\/b> \u0130ncecik a\u00e7\u0131lm\u0131\u015f, bol malzemeli el a\u00e7mas\u0131 g\u00f6zlemeleri mutlaka denemelisiniz.<\/p>\n<\/li>\n<li>\n<p data-path-to-node=\"8,1,0\"><b data-path-to-node=\"8,1,0\" data-index-in-node=\"0\">Neden Gitmeli?<\/b> Bol \u00e7e\u015fitli serpme kahvalt\u0131s\u0131 ve kahvalt\u0131 sonras\u0131 k\u00f6zde pi\u015fen T\u00fcrk kahvesi e\u015fli\u011finde panoramik \u015fehir manzaras\u0131n\u0131n tad\u0131n\u0131 \u00e7\u0131karmak i\u00e7in.<\/p>\n<\/li>\n<\/ul>\n<h3 data-path-to-node=\"9\">2. Geleneksel Bir Yolculuk: Konaktepe Restoran<\/h3>\n<p data-path-to-node=\"10\">Ger\u00e7ek bir k\u00f6y kahvalt\u0131s\u0131 aray\u0131\u015f\u0131ndaysan\u0131z, rotan\u0131z\u0131 Dim \u00c7ay\u0131\u2019n\u0131n \u00fcst k\u0131s\u0131mlar\u0131nda bulunan <b data-path-to-node=\"10\" data-index-in-node=\"91\">Konaktepe<\/b>\u2019ye \u00e7evirmelisiniz. Ye\u015fil ve mavinin kucakla\u015ft\u0131\u011f\u0131 bu mekan, sizi yerel lezzetlerle bulu\u015fturuyor.<\/p>\n<ul data-path-to-node=\"11\">\n<li>\n<p data-path-to-node=\"11,0,0\"><b data-path-to-node=\"11,0,0\" data-index-in-node=\"0\">Y\u00f6resel Tatlar:<\/b> Alanya mutfa\u011f\u0131na \u00f6zg\u00fc <b data-path-to-node=\"11,0,0\" data-index-in-node=\"38\">ovma\u00e7<\/b> ve <b data-path-to-node=\"11,0,0\" data-index-in-node=\"47\">\u015febit<\/b> burada sofran\u0131n y\u0131ld\u0131z\u0131.<\/p>\n<\/li>\n<li>\n<p data-path-to-node=\"11,1,0\"><b data-path-to-node=\"11,1,0\" data-index-in-node=\"0\">\u0130pucu:<\/b> Mekan\u0131n sahibi taraf\u0131ndan haz\u0131rlanan ev yap\u0131m\u0131 re\u00e7eller ve tereya\u011fl\u0131 patates damaklarda iz b\u0131rak\u0131yor. Hafta sonu ziyaret edecekseniz mutlaka rezervasyon yapt\u0131r\u0131n.<\/p>\n<\/li>\n<\/ul>\n<h3 data-path-to-node=\"12\">3. Bah\u00e7e \u0130\u00e7inde Bir Huzur: Lemon Tree<\/h3>\n<p data-path-to-node=\"13\">Bir butik otelin narenciye a\u011fa\u00e7lar\u0131yla s\u00fcsl\u00fc bah\u00e7esinde yer alan <b data-path-to-node=\"13\" data-index-in-node=\"65\">Lemon Tree<\/b>, sakinlik arayanlar\u0131n ilk tercihi.<\/p>\n<ul data-path-to-node=\"14\">\n<li>\n<p data-path-to-node=\"14,0,0\"><b data-path-to-node=\"14,0,0\" data-index-in-node=\"0\">Spesiyal:<\/b> Mekana \u00f6zg\u00fc &#8220;D\u00f6rt Peynirli G\u00f6zleme&#8221; kahvalt\u0131n\u0131n en iddial\u0131 par\u00e7as\u0131.<\/p>\n<\/li>\n<li>\n<p data-path-to-node=\"14,1,0\"><b data-path-to-node=\"14,1,0\" data-index-in-node=\"0\">Atmosfer:<\/b> Limon a\u011fa\u00e7lar\u0131n\u0131n ferahlat\u0131c\u0131 kokusu alt\u0131nda, taze s\u0131k\u0131lm\u0131\u015f portakal suyunuzu yudumlayarak g\u00fcne huzurlu bir ba\u015flang\u0131\u00e7 yapabilirsiniz.<\/p>\n<\/li>\n<\/ul>\n<h3 data-path-to-node=\"15\">4. Van Lezzetleri Akdeniz\u2019de: Van Kahvalt\u0131 Bah\u00e7esi<\/h3>\n<p data-path-to-node=\"16\">D\u00fcnyaca \u00fcnl\u00fc Van kahvalt\u0131s\u0131n\u0131 Alanya\u2019da deneyimlemeye ne dersiniz? Do\u011fu Anadolu\u2019nun en se\u00e7kin \u00fcr\u00fcnleri bu bah\u00e7ede bir araya geliyor.<\/p>\n<ul data-path-to-node=\"17\">\n<li>\n<p data-path-to-node=\"17,0,0\"><b data-path-to-node=\"17,0,0\" data-index-in-node=\"0\">Olmazsa Olmazlar:<\/b> Hakiki otlu peynir, karakovan bal\u0131 ve b\u00f6lgenin \u00f6zel lezzeti <b data-path-to-node=\"17,0,0\" data-index-in-node=\"78\">kavut<\/b>.<\/p>\n<\/li>\n<li>\n<p data-path-to-node=\"17,1,0\"><b data-path-to-node=\"17,1,0\" data-index-in-node=\"0\">Deneyim:<\/b> H\u0131zl\u0131 servisi ve g\u00fcler y\u00fczl\u00fc ekibiyle kendinizi evinizde gibi hissedeceksiniz.<\/p>\n<\/li>\n<\/ul>\n<h3 data-path-to-node=\"18\">5. Do\u011fa ve Aktivite Bir Arada: Park Orman Restoran<\/h3>\n<p data-path-to-node=\"19\">\u015eehir merkezinden 18 km uzakl\u0131kta, <b data-path-to-node=\"19\" data-index-in-node=\"35\">Gedevet Yaylas\u0131<\/b>\u2019n\u0131n bol oksijenli atmosferinde yer alan bu restoran, tam bir aile dostu.<\/p>\n<ul data-path-to-node=\"20\">\n<li>\n<p data-path-to-node=\"20,0,0\"><b data-path-to-node=\"20,0,0\" data-index-in-node=\"0\">101 \u00c7e\u015fit Lezzet:<\/b> Odun ate\u015finde pi\u015fen b\u00f6reklerden, kaz ve b\u0131ld\u0131rc\u0131n yumurtas\u0131na kadar uzanan devasa bir a\u00e7\u0131k b\u00fcfe sizi bekliyor.<\/p>\n<\/li>\n<li>\n<p data-path-to-node=\"20,1,0\"><b data-path-to-node=\"20,1,0\" data-index-in-node=\"0\">Aktivite:<\/b> Kahvalt\u0131 sonras\u0131 ata binebilir, paintball oynayabilir veya &#8220;No Pabu\u00e7&#8221; alan\u0131nda toprakla temas ederek t\u00fcm stresinizi atabilirsiniz.<\/p>\n<\/li>\n<\/ul>\n<h3 data-path-to-node=\"21\">6. Kalenin G\u00f6lgesinde Estetik: Zeytin Dal\u0131<\/h3>\n<p data-path-to-node=\"22\">Kale yolu \u00fczerinde bulunan <b data-path-to-node=\"22\" data-index-in-node=\"27\">Zeytin Dal\u0131<\/b>, hem \u015f\u0131k sunumu hem de kusursuz manzaras\u0131yla dikkat \u00e7ekiyor.<\/p>\n<ul data-path-to-node=\"23\">\n<li>\n<p data-path-to-node=\"23,0,0\"><b data-path-to-node=\"23,0,0\" data-index-in-node=\"0\">Aile Dostu:<\/b> Bebek bak\u0131m odas\u0131 gibi ince d\u00fc\u015f\u00fcn\u00fclm\u00fc\u015f detaylar, \u00e7ocuklu aileler i\u00e7in b\u00fcy\u00fck konfor sa\u011fl\u0131yor.<\/p>\n<\/li>\n<li>\n<p data-path-to-node=\"23,1,0\"><b data-path-to-node=\"23,1,0\" data-index-in-node=\"0\">Tatl\u0131 Bir Kapan\u0131\u015f:<\/b> Kahvalt\u0131n\u0131z\u0131 bitirdikten sonra damla sak\u0131zl\u0131 T\u00fcrk kahvesi yan\u0131na me\u015fhur Tiramisu\u2019lar\u0131n\u0131 sipari\u015f etmeyi unutmay\u0131n.<\/p>\n<\/li>\n<\/ul>\n<h3 data-path-to-node=\"24\">7. \u00c7ocuklu Ailelerin Favorisi: Sakl\u0131 Bah\u00e7e<\/h3>\n<p data-path-to-node=\"25\">Ad\u0131 gibi yemye\u015fil bir do\u011fan\u0131n i\u00e7inde gizlenen bu mekan, zengin serpme kahvalt\u0131s\u0131yla me\u015fhur.<\/p>\n<ul data-path-to-node=\"26\">\n<li>\n<p data-path-to-node=\"26,0,0\"><b data-path-to-node=\"26,0,0\" data-index-in-node=\"0\">Konfor:<\/b> Siz s\u0131cak bazlaman\u0131z\u0131n tad\u0131n\u0131 \u00e7\u0131kar\u0131rken, \u00e7ocuklar\u0131n\u0131z g\u00fcvenli oyun alanlar\u0131nda e\u011flenebilir.<\/p>\n<\/li>\n<li>\n<p data-path-to-node=\"26,1,0\"><b data-path-to-node=\"26,1,0\" data-index-in-node=\"0\">\u0130kram:<\/b> \u00c7ay, su ve T\u00fcrk kahvesinin serpme kahvalt\u0131ya dahil olmas\u0131 mekan\u0131 daha da cazip k\u0131l\u0131yor.<\/p>\n<\/li>\n<\/ul>\n<h3 data-path-to-node=\"27\">8. Serinli\u011fin Adresi: P\u0131narba\u015f\u0131 Restoran<\/h3>\n<p data-path-to-node=\"28\">\u00d6zellikle temmuz ve a\u011fustos s\u0131caklar\u0131nda Alanya\u2019n\u0131n kurtar\u0131c\u0131s\u0131 olan <b data-path-to-node=\"28\" data-index-in-node=\"69\">Dim \u00c7ay\u0131<\/b>, P\u0131narba\u015f\u0131 Restoran ile lezzet dolu bir sabah sunuyor.<\/p>\n<ul data-path-to-node=\"29\">\n<li>\n<p data-path-to-node=\"29,0,0\"><b data-path-to-node=\"29,0,0\" data-index-in-node=\"0\">Men\u00fc:<\/b> \u00c7\u0131t\u0131r \u00e7\u0131t\u0131r pi\u015filer ve sigara b\u00f6rekleri favori \u00fcr\u00fcnler aras\u0131nda.<\/p>\n<\/li>\n<li>\n<p data-path-to-node=\"29,1,0\"><b data-path-to-node=\"29,1,0\" data-index-in-node=\"0\">Aktivite:<\/b> Kahvalt\u0131dan sonra \u00e7ay\u0131n serin sular\u0131nda vakit ge\u00e7irebilir, dilerseniz kendi bal\u0131\u011f\u0131n\u0131z\u0131 tutarak g\u00fcn\u00fc burada noktalayabilirsiniz.<\/p>\n<\/li>\n<\/ul>\n<hr data-path-to-node=\"30\" \/>\n<h3 data-path-to-node=\"31\">Alanya&#8217;da Kahvalt\u0131 Hakk\u0131nda S\u0131k\u00e7a Sorulan Sorular<\/h3>\n<p><strong>Alanya\u2019da en iyi k\u00f6y kahvalt\u0131s\u0131 nerede yap\u0131l\u0131r?<\/strong><\/p>\n<p>Geleneksel tatlar i\u00e7in Konaktepe, yayla havas\u0131 ve \u00e7e\u015fitlilik i\u00e7in Park Orman Restoran en iyi se\u00e7eneklerdir.<\/p>\n<p><strong>Manzaral\u0131 kahvalt\u0131 i\u00e7in hangi mekana gidilmeli?<\/strong><\/p>\n<p>Alanya Kalesi manzaras\u0131n\u0131 tam kar\u015f\u0131dan g\u00f6rmek isterseniz Zeytin Dal\u0131 veya Muhtar\u2019\u0131n Yeri&#8217;ni tercih edebilirsiniz.<\/p>\n<p><strong>Dim \u00c7ay\u0131\u2019nda kahvalt\u0131 yap\u0131l\u0131r m\u0131?<\/strong><\/p>\n<p>Evet, \u00f6zellikle P\u0131narba\u015f\u0131 Restoran nehir kenar\u0131nda serin bir kahvalt\u0131 i\u00e7in en pop\u00fcler noktalardan biridir.<\/p>\n<div id=\"model-response-message-contentr_5a365ce610327ab8\" class=\"markdown markdown-main-panel stronger enable-updated-hr-color\" dir=\"ltr\" aria-live=\"polite\" aria-busy=\"false\">\n<hr data-path-to-node=\"2\" \/>\n<h3 data-path-to-node=\"3\">\ud83d\udca1 Alanya Kahvalt\u0131 Mekanlar\u0131 Kar\u015f\u0131la\u015ft\u0131rma Tablosu<\/h3>\n<p data-path-to-node=\"4\">Hangi mekan\u0131n size daha uygun oldu\u011funu h\u0131zl\u0131ca se\u00e7ebilirsiniz:<\/p>\n<table data-path-to-node=\"5\">\n<thead>\n<tr>\n<td><strong>Mekan Ad\u0131<\/strong><\/td>\n<td><strong>Konsept \/ Ortam<\/strong><\/td>\n<td><strong>En Me\u015fhur Lezzeti<\/strong><\/td>\n<td><strong>Kimler \u0130\u00e7in \u0130deal?<\/strong><\/td>\n<\/tr>\n<\/thead>\n<tbody>\n<tr>\n<td><span data-path-to-node=\"5,1,0,0\"><b data-path-to-node=\"5,1,0,0\" data-index-in-node=\"0\">Muhtar\u2019\u0131n Yeri<\/b><\/span><\/td>\n<td><span data-path-to-node=\"5,1,1,0\">Panoramik Kale Manzaras\u0131<\/span><\/td>\n<td><span data-path-to-node=\"5,1,2,0\">El A\u00e7mas\u0131 G\u00f6zleme<\/span><\/td>\n<td><span data-path-to-node=\"5,1,3,0\">Manzara Tutkunlar\u0131<\/span><\/td>\n<\/tr>\n<tr>\n<td><span data-path-to-node=\"5,2,0,0\"><b data-path-to-node=\"5,2,0,0\" data-index-in-node=\"0\">Konaktepe<\/b><\/span><\/td>\n<td><span data-path-to-node=\"5,2,1,0\">Nehir \u00dcst\u00fc \/ Do\u011fa<\/span><\/td>\n<td><span data-path-to-node=\"5,2,2,0\">Ovma\u00e7 &amp; \u015eebit<\/span><\/td>\n<td><span data-path-to-node=\"5,2,3,0\">Geleneksel Tat Arayanlar<\/span><\/td>\n<\/tr>\n<tr>\n<td><span data-path-to-node=\"5,3,0,0\"><b data-path-to-node=\"5,3,0,0\" data-index-in-node=\"0\">Park Orman<\/b><\/span><\/td>\n<td><span data-path-to-node=\"5,3,1,0\">Yayla Havas\u0131 \/ Orman<\/span><\/td>\n<td><span data-path-to-node=\"5,3,2,0\">101 \u00c7e\u015fit A\u00e7\u0131k B\u00fcfe<\/span><\/td>\n<td><span data-path-to-node=\"5,3,3,0\">Kalabal\u0131k Aileler &amp; \u00c7ocuklar<\/span><\/td>\n<\/tr>\n<tr>\n<td><span data-path-to-node=\"5,4,0,0\"><b data-path-to-node=\"5,4,0,0\" data-index-in-node=\"0\">Zeytin Dal\u0131<\/b><\/span><\/td>\n<td><span data-path-to-node=\"5,4,1,0\">\u015e\u0131k &amp; Modern Kale Yolu<\/span><\/td>\n<td><span data-path-to-node=\"5,4,2,0\">Damla Sak\u0131zl\u0131 Kahve &amp; Tiramisu<\/span><\/td>\n<td><span data-path-to-node=\"5,4,3,0\">Romantik \u00c7iftler<\/span><\/td>\n<\/tr>\n<tr>\n<td><span data-path-to-node=\"5,5,0,0\"><b data-path-to-node=\"5,5,0,0\" data-index-in-node=\"0\">Van Kahvalt\u0131<\/b><\/span><\/td>\n<td><span data-path-to-node=\"5,5,1,0\">Bah\u00e7e \/ Otantik<\/span><\/td>\n<td><span data-path-to-node=\"5,5,2,0\">Otlu Peynir &amp; Kavut<\/span><\/td>\n<td><span data-path-to-node=\"5,5,3,0\">Gurme Lezzet Merakl\u0131lar\u0131<\/span><\/td>\n<\/tr>\n<tr>\n<td><span data-path-to-node=\"5,6,0,0\"><b data-path-to-node=\"5,6,0,0\" data-index-in-node=\"0\">P\u0131narba\u015f\u0131<\/b><\/span><\/td>\n<td><span data-path-to-node=\"5,6,1,0\">Dim \u00c7ay\u0131 Kenar\u0131 \/ Serin<\/span><\/td>\n<td><span data-path-to-node=\"5,6,2,0\">Pi\u015fi &amp; Sigara B\u00f6re\u011fi<\/span><\/td>\n<td><span data-path-to-node=\"5,6,3,0\">Yaz S\u0131ca\u011f\u0131ndan Ka\u00e7anlar<\/span><\/td>\n<\/tr>\n<\/tbody>\n<\/table>\n<hr data-path-to-node=\"6\" \/>\n<h3 data-path-to-node=\"7\">\ud83d\ude80 Alanya\u2019da Kahvalt\u0131 Keyfi \u0130\u00e7in Alt\u0131n Kurallar (Ziyaret\u00e7i T\u00fcyolar\u0131)<\/h3>\n<ol start=\"1\" data-path-to-node=\"8\">\n<li>\n<p data-path-to-node=\"8,0,0\"><b data-path-to-node=\"8,0,0\" data-index-in-node=\"0\">Rezervasyon \u015eart:<\/b> \u00d6zellikle <b data-path-to-node=\"8,0,0\" data-index-in-node=\"28\">Zeytin Dal\u0131<\/b>, <b data-path-to-node=\"8,0,0\" data-index-in-node=\"41\">Konaktepe<\/b> ve <b data-path-to-node=\"8,0,0\" data-index-in-node=\"54\">Muhtar\u2019\u0131n Yeri<\/b> gibi manzara odakl\u0131 yerlerde en \u00f6n masada oturmak istiyorsan\u0131z, en az bir g\u00fcn \u00f6nceden araman\u0131zda fayda var.<\/p>\n<\/li>\n<li>\n<p data-path-to-node=\"8,1,0\"><b data-path-to-node=\"8,1,0\" data-index-in-node=\"0\">Gedevet\u2019e \u00c7\u0131karken Yan\u0131n\u0131za H\u0131rka Al\u0131n:<\/b> \u015eehir merkezi yanarken, <b data-path-to-node=\"8,1,0\" data-index-in-node=\"64\">Park Orman<\/b>\u2019\u0131n bulundu\u011fu Gedevet Yaylas\u0131 olduk\u00e7a serin olabilir. Tedbirli gitmek keyfinizi b\u00f6lmez.<\/p>\n<\/li>\n<li>\n<p data-path-to-node=\"8,2,0\"><b data-path-to-node=\"8,2,0\" data-index-in-node=\"0\">Hafta \u0130\u00e7i Avantaj\u0131:<\/b> Dim \u00c7ay\u0131 (P\u0131narba\u015f\u0131) ve Kale b\u00f6lgesindeki mekanlar hafta sonu \u00e7ok yo\u011fun olur. Daha sakin bir atmosfer ve daha h\u0131zl\u0131 servis i\u00e7in hafta i\u00e7ini tercih edin.<\/p>\n<\/li>\n<li>\n<p data-path-to-node=\"8,3,0\"><b data-path-to-node=\"8,3,0\" data-index-in-node=\"0\">Ula\u015f\u0131m Notu:<\/b> Konaktepe ve Park Orman gibi mekanlara toplu ta\u015f\u0131ma k\u0131s\u0131tl\u0131d\u0131r. Bu rotalar i\u00e7in ara\u00e7 kiralama veya taksi en konforlu se\u00e7enek olacakt\u0131r.<\/p>\n<\/li>\n<\/ol>\n<hr data-path-to-node=\"9\" \/>\n<h3 data-path-to-node=\"10\">\u2728 Bonus: Yerellerin Favorisi &#8220;Gizli Bir Durak&#8221;<\/h3>\n<p><strong>Yama\u00e7 Kafe &amp; Restoran<\/strong><\/p>\n<p>Listeye ek olarak; e\u011fer sadece kahvalt\u0131 de\u011fil, g\u00fcne\u015fin do\u011fu\u015funu veya bat\u0131\u015f\u0131n\u0131 izleyebilece\u011finiz, u\u00e7suz bucaks\u0131z bir Akdeniz manzaras\u0131 ar\u0131yorsan\u0131z buras\u0131 tam size g\u00f6re. Seyir teras\u0131 k\u0131vam\u0131ndaki bu mekanda kahvalt\u0131 yaparken kendinizi bulutlar\u0131n \u00fczerinde hissedeceksiniz.<\/p>\n<\/div>\n","protected":false},"excerpt":{"rendered":"<p>Alanya Kahvalt\u0131 Rehberi: G\u00fcne Merhaba Diyece\u011finiz En \u0130yi 8 Mekan Alanya\u2019n\u0131n masmavi denizi ve tarihi dokusuyla b\u00fcy\u00fclenmeden \u00f6nce, g\u00fcne enerjik ve lezzet dolu bir ba\u015flang\u0131\u00e7 yapmak \u015fart. Alanya kahvalt\u0131 yerleri rehberimizle, \u015fehrin en pop\u00fcler duraklar\u0131n\u0131 ve yerel lezzetlerin en \u00f6zg\u00fcn adreslerini sizin i\u00e7in bir araya getirdik. Alanya Kalesi\u2019nin panoramik manzaras\u0131ndan Gedevet Yaylas\u0131\u2019n\u0131n bol oksijenli havas\u0131na, &hellip; <a href=\"https:\/\/rizekoypazari.com\/tours\/alanya-kahvalti-yerleri-en-iyi-8-mekan-2026\/\" class=\"more-link\"><span class=\"screen-reader-text\">Alanya Kahvalt\u0131 Yerleri | En \u0130yi 8 Mekan 2026<\/span> yaz\u0131s\u0131na devam et <span class=\"meta-nav\">&rarr;<\/span><\/a><\/p>\n","protected":false},"author":1,"featured_media":0,"parent":0,"menu_order":0,"comment_status":"closed","ping_status":"closed","template":"","meta":{"footnotes":""},"class_list":["post-479","page","type-page","status-publish","hentry"],"aioseo_notices":[],"_links":{"self":[{"href":"https:\/\/rizekoypazari.com\/tours\/wp-json\/wp\/v2\/pages\/479","targetHints":{"allow":["GET"]}}],"collection":[{"href":"https:\/\/rizekoypazari.com\/tours\/wp-json\/wp\/v2\/pages"}],"about":[{"href":"https:\/\/rizekoypazari.com\/tours\/wp-json\/wp\/v2\/types\/page"}],"author":[{"embeddable":true,"href":"https:\/\/rizekoypazari.com\/tours\/wp-json\/wp\/v2\/users\/1"}],"replies":[{"embeddable":true,"href":"https:\/\/rizekoypazari.com\/tours\/wp-json\/wp\/v2\/comments?post=479"}],"version-history":[{"count":5,"href":"https:\/\/rizekoypazari.com\/tours\/wp-json\/wp\/v2\/pages\/479\/revisions"}],"predecessor-version":[{"id":524,"href":"https:\/\/rizekoypazari.com\/tours\/wp-json\/wp\/v2\/pages\/479\/revisions\/524"}],"wp:attachment":[{"href":"https:\/\/rizekoypazari.com\/tours\/wp-json\/wp\/v2\/media?parent=479"}],"curies":[{"name":"wp","href":"https:\/\/api.w.org\/{rel}","templated":true}]}}