{"id":342,"date":"2026-01-07T20:56:37","date_gmt":"2026-01-07T20:56:37","guid":{"rendered":"https:\/\/rizekoypazari.com\/tours\/?page_id=342"},"modified":"2026-02-21T22:53:51","modified_gmt":"2026-02-21T22:53:51","slug":"ucuz-ucak-bileti-almanin-en-hizli-yolu-%e2%9c%94%ef%b8%8f","status":"publish","type":"page","link":"https:\/\/rizekoypazari.com\/tours\/ucuz-ucak-bileti-almanin-en-hizli-yolu-%e2%9c%94%ef%b8%8f\/","title":{"rendered":"Ucuz U\u00e7ak Bileti Alman\u0131n En H\u0131zl\u0131 Yolu \u2714\ufe0f"},"content":{"rendered":"<h2 data-start=\"106\" data-end=\"159\">Fiyat Kar\u015f\u0131la\u015ft\u0131rma ile Uygun U\u00e7ak Bileti Sat\u0131n Alma \u0130pu\u00e7lar\u0131<\/h2>\n<figure id=\"attachment_343\" aria-describedby=\"caption-attachment-343\" style=\"width: 800px\" class=\"wp-caption alignnone\"><img loading=\"lazy\" decoding=\"async\" class=\"size-full wp-image-343\" src=\"https:\/\/rizekoypazari.com\/tours\/wp-content\/uploads\/2026\/01\/Ucuz-Ucak-Bileti-En-Etkili-Yollar-Ipuclari-.jpg\" alt=\"Ucuz U\u00e7ak Bileti: En Etkili Yollar &amp; \u0130pu\u00e7lar\u0131\" width=\"800\" height=\"475\" srcset=\"https:\/\/rizekoypazari.com\/tours\/wp-content\/uploads\/2026\/01\/Ucuz-Ucak-Bileti-En-Etkili-Yollar-Ipuclari-.jpg 800w, https:\/\/rizekoypazari.com\/tours\/wp-content\/uploads\/2026\/01\/Ucuz-Ucak-Bileti-En-Etkili-Yollar-Ipuclari--300x178.jpg 300w, https:\/\/rizekoypazari.com\/tours\/wp-content\/uploads\/2026\/01\/Ucuz-Ucak-Bileti-En-Etkili-Yollar-Ipuclari--768x456.jpg 768w\" sizes=\"auto, (max-width: 800px) 100vw, 800px\" \/><figcaption id=\"caption-attachment-343\" class=\"wp-caption-text\">Ucuz U\u00e7ak Bileti: En Etkili Yollar &amp; \u0130pu\u00e7lar\u0131<\/figcaption><\/figure>\n<p data-start=\"188\" data-end=\"644\">U\u00e7akla seyahat etmek, zaman ve konfor a\u00e7\u0131s\u0131ndan sundu\u011fu b\u00fcy\u00fck avantajlarla hayat\u0131m\u0131z\u0131n vazge\u00e7ilmez bir par\u00e7as\u0131 haline geldi. Ancak, u\u00e7ak biletlerinin y\u00fcksek fiyatlar\u0131, \u00e7o\u011fu ki\u015finin seyahat planlar\u0131n\u0131 engelleyebiliyor. Neyse ki, <strong><a href=\"https:\/\/rizekoypazari.com\/tours\/ucuz-ucak-bileti\u2026en-hizli-yolu-\u2714\ufe0f\/\">ucuz u\u00e7ak bileti<\/a><\/strong> bulman\u0131n \u00e7e\u015fitli yollar\u0131 ve ipu\u00e7lar\u0131 mevcut. E\u011fer siz de en uygun fiyatlarla u\u00e7ak bileti almak istiyorsan\u0131z, do\u011fru yerdesiniz! \u0130\u015fte ucuz u\u00e7ak bileti bulman\u0131n pratik yollar\u0131 ve size yard\u0131mc\u0131 olacak baz\u0131 \u00f6neriler.<\/p>\n<h3 data-start=\"646\" data-end=\"680\">1. <strong data-start=\"653\" data-end=\"680\">Erken Rezervasyon Yap\u0131n<\/strong><\/h3>\n<p data-start=\"681\" data-end=\"1014\">Ucuz u\u00e7ak bileti alman\u0131n en \u00f6nemli yollar\u0131ndan biri, biletlerinizi erken alman\u0131zd\u0131r. \u00c7o\u011fu havayolu \u015firketi, u\u00e7u\u015f tarihi yakla\u015ft\u0131k\u00e7a fiyatlar\u0131n\u0131 art\u0131r\u0131r. Erken rezervasyon yapmak, %40\u2019a kadar tasarruf etmenizi sa\u011flayabilir. U\u00e7mak istedi\u011finiz tarihten en az 3-4 hafta \u00f6nce bilet alman\u0131z, ucuz se\u00e7eneklere ula\u015fman\u0131z\u0131 kolayla\u015ft\u0131racakt\u0131r.<\/p>\n<h3 data-start=\"1016\" data-end=\"1050\">2. <strong data-start=\"1023\" data-end=\"1050\">Esnek Seyahat Tarihleri<\/strong><\/h3>\n<p data-start=\"1051\" data-end=\"1353\">Seyahat tarihlerinizde esneklik sa\u011flamak, daha ucuz u\u00e7ak biletleri bulman\u0131z\u0131 sa\u011flar. Hafta i\u00e7i u\u00e7u\u015flar, hafta sonuna g\u00f6re genellikle daha ucuzdur. Ayr\u0131ca, tatil d\u00f6nemlerinde fiyatlar artabilece\u011fi i\u00e7in, tatil d\u00f6nemleri d\u0131\u015f\u0131nda seyahat etmeyi tercih etmek daha uygun fiyatlar bulman\u0131za yard\u0131mc\u0131 olabilir.<\/p>\n<h3 data-start=\"1355\" data-end=\"1406\">3. <strong data-start=\"1362\" data-end=\"1406\">Farkl\u0131 Havalimanlar\u0131ndan Kalk\u0131\u015f ve Var\u0131\u015f<\/strong><\/h3>\n<p data-start=\"1407\" data-end=\"1650\">U\u00e7u\u015flar\u0131n\u0131z i\u00e7in en ucuz biletleri bulmak ad\u0131na farkl\u0131 havalimanlar\u0131n\u0131 kontrol etmek faydal\u0131 olabilir. B\u00fcy\u00fck \u015fehirlerde birden fazla havaliman\u0131 olmas\u0131 durumunda, alternatif havalimanlar\u0131ndan u\u00e7u\u015flar\u0131 tercih etmek bilet fiyatlar\u0131n\u0131 d\u00fc\u015f\u00fcrebilir.<\/p>\n<h3 data-start=\"1652\" data-end=\"1700\">4. <strong data-start=\"1659\" data-end=\"1700\">Fiyat Kar\u015f\u0131la\u015ft\u0131rma Siteleri Kullan\u0131n<\/strong><\/h3>\n<p data-start=\"1701\" data-end=\"1984\">Ucuz u\u00e7ak bileti aray\u0131\u015f\u0131nda olanlar i\u00e7in, fiyat kar\u015f\u0131la\u015ft\u0131rma siteleri \u00f6nemli birer yard\u0131mc\u0131d\u0131r. Skyscanner, Google Flights, Momondo gibi platformlar, farkl\u0131 havayollar\u0131n\u0131n fiyatlar\u0131n\u0131 anl\u0131k olarak kar\u015f\u0131la\u015ft\u0131rman\u0131z\u0131 sa\u011flar. Bu sayede, en uygun u\u00e7u\u015fu bulmak \u00e7ok daha kolay hale gelir.<\/p>\n<h3 data-start=\"1986\" data-end=\"2018\">5. <strong data-start=\"1993\" data-end=\"2018\">F\u0131rsatlar\u0131 Takip Edin<\/strong><\/h3>\n<p data-start=\"2019\" data-end=\"2270\">Bir\u00e7ok havayolu \u015firketi, belirli d\u00f6nemlerde kampanyalar d\u00fczenler. \u0130ndirimler ve f\u0131rsatlar i\u00e7in havayollar\u0131n\u0131n e-posta b\u00fcltenlerine abone olabilirsiniz. Ayr\u0131ca, sosyal medya hesaplar\u0131ndan takip ederek, \u00f6zel kampanyalardan an\u0131nda haberdar olabilirsiniz.<\/p>\n<h3 data-start=\"2272\" data-end=\"2319\">6. <strong data-start=\"2279\" data-end=\"2319\">Daha Az Pop\u00fcler Saatleri Tercih Edin<\/strong><\/h3>\n<p data-start=\"2320\" data-end=\"2566\">Sabah erken saatlerde veya gece ge\u00e7 saatlerde yap\u0131lan u\u00e7u\u015flar genellikle daha ucuzdur. E\u011fer esnek bir seyahat plan\u0131n\u0131z varsa, bu saatlerdeki u\u00e7u\u015flar\u0131 de\u011ferlendirebilirsiniz. Ayr\u0131ca, aktarmal\u0131 u\u00e7u\u015flar da do\u011frudan u\u00e7u\u015flardan daha ekonomik olabilir.<\/p>\n<h3 data-start=\"2568\" data-end=\"2631\">7. <strong data-start=\"2575\" data-end=\"2631\">\u00d6\u011frenciler ve Gen\u00e7lere \u00d6zel \u0130ndirimleri Kontrol Edin<\/strong><\/h3>\n<p data-start=\"2632\" data-end=\"2808\">Bir\u00e7ok havayolu \u015firketi, \u00f6\u011frencilere ve gen\u00e7lere \u00f6zel indirimler sunar. \u00d6\u011frenci kimli\u011finiz varsa, bu f\u0131rsatlar\u0131 de\u011ferlendirerek daha uygun fiyatlarla u\u00e7ak bileti alabilirsiniz.<\/p>\n<h3 data-start=\"2810\" data-end=\"2852\">8. <strong data-start=\"2817\" data-end=\"2852\">Bagaj Se\u00e7eneklerine Dikkat Edin<\/strong><\/h3>\n<p data-start=\"2853\" data-end=\"3115\">Ucuz biletler genellikle yaln\u0131zca el bagaj\u0131yla seyahat etmeyi tercih eden yolculara y\u00f6neliktir. E\u011fer fazla bagaj\u0131n\u0131z varsa, ekstra \u00fccretleri g\u00f6z \u00f6n\u00fcnde bulundurman\u0131zda fayda var. Bazen, daha d\u00fc\u015f\u00fck fiyatl\u0131 ancak bagaj dahil olan se\u00e7enekler daha ekonomik olabilir.<\/p>\n<h3 data-start=\"3117\" data-end=\"3174\">9. <strong data-start=\"3124\" data-end=\"3174\">Bilet Fiyatlar\u0131n\u0131 Erken Saatlerde Kontrol Edin<\/strong><\/h3>\n<p data-start=\"3175\" data-end=\"3365\">Ara\u015ft\u0131rmalara g\u00f6re, u\u00e7ak biletleri sabah saatlerinde genellikle daha ucuz olabiliyor. Sabah erkenden fiyatlar\u0131 kontrol ederek, di\u011fer saatlere g\u00f6re daha uygun fiyatlarla bilet alman\u0131z m\u00fcmk\u00fcn.<\/p>\n<h3 data-start=\"3372\" data-end=\"3752\"><strong data-start=\"3372\" data-end=\"3389\">Son Olarak:<\/strong><\/h3>\n<p data-start=\"3372\" data-end=\"3752\">Ucuz <strong><a href=\"https:\/\/tr.wikipedia.org\/wiki\/U%C3%A7ak_bileti\">u\u00e7ak bileti<\/a><\/strong> almak, biraz ara\u015ft\u0131rma ve planlama gerektiren bir s\u00fcre\u00e7 olabilir, ancak do\u011fru stratejilerle istedi\u011finiz tarihte ve uygun fiyatlarla u\u00e7ak biletinizi bulman\u0131z \u00e7ok daha kolayla\u015f\u0131r. Yukar\u0131daki ipu\u00e7lar\u0131n\u0131 uygulayarak, seyahatinizin maliyetini \u00f6nemli \u00f6l\u00e7\u00fcde d\u00fc\u015f\u00fcrebilir ve b\u00fct\u00e7enizi zorlamadan d\u00fcnya \u00fczerindeki ke\u015fiflerinizin keyfini \u00e7\u0131karabilirsiniz.<\/p>\n","protected":false},"excerpt":{"rendered":"<p>Fiyat Kar\u015f\u0131la\u015ft\u0131rma ile Uygun U\u00e7ak Bileti Sat\u0131n Alma \u0130pu\u00e7lar\u0131 U\u00e7akla seyahat etmek, zaman ve konfor a\u00e7\u0131s\u0131ndan sundu\u011fu b\u00fcy\u00fck avantajlarla hayat\u0131m\u0131z\u0131n vazge\u00e7ilmez bir par\u00e7as\u0131 haline geldi. Ancak, u\u00e7ak biletlerinin y\u00fcksek fiyatlar\u0131, \u00e7o\u011fu ki\u015finin seyahat planlar\u0131n\u0131 engelleyebiliyor. Neyse ki, ucuz u\u00e7ak bileti bulman\u0131n \u00e7e\u015fitli yollar\u0131 ve ipu\u00e7lar\u0131 mevcut. E\u011fer siz de en uygun fiyatlarla u\u00e7ak bileti almak &hellip; <a href=\"https:\/\/rizekoypazari.com\/tours\/ucuz-ucak-bileti-almanin-en-hizli-yolu-%e2%9c%94%ef%b8%8f\/\" class=\"more-link\"><span class=\"screen-reader-text\">Ucuz U\u00e7ak Bileti Alman\u0131n En H\u0131zl\u0131 Yolu \u2714\ufe0f<\/span> yaz\u0131s\u0131na devam et <span class=\"meta-nav\">&rarr;<\/span><\/a><\/p>\n","protected":false},"author":1,"featured_media":0,"parent":0,"menu_order":0,"comment_status":"closed","ping_status":"closed","template":"","meta":{"footnotes":""},"class_list":["post-342","page","type-page","status-publish","hentry"],"aioseo_notices":[],"_links":{"self":[{"href":"https:\/\/rizekoypazari.com\/tours\/wp-json\/wp\/v2\/pages\/342","targetHints":{"allow":["GET"]}}],"collection":[{"href":"https:\/\/rizekoypazari.com\/tours\/wp-json\/wp\/v2\/pages"}],"about":[{"href":"https:\/\/rizekoypazari.com\/tours\/wp-json\/wp\/v2\/types\/page"}],"author":[{"embeddable":true,"href":"https:\/\/rizekoypazari.com\/tours\/wp-json\/wp\/v2\/users\/1"}],"replies":[{"embeddable":true,"href":"https:\/\/rizekoypazari.com\/tours\/wp-json\/wp\/v2\/comments?post=342"}],"version-history":[{"count":6,"href":"https:\/\/rizekoypazari.com\/tours\/wp-json\/wp\/v2\/pages\/342\/revisions"}],"predecessor-version":[{"id":549,"href":"https:\/\/rizekoypazari.com\/tours\/wp-json\/wp\/v2\/pages\/342\/revisions\/549"}],"wp:attachment":[{"href":"https:\/\/rizekoypazari.com\/tours\/wp-json\/wp\/v2\/media?parent=342"}],"curies":[{"name":"wp","href":"https:\/\/api.w.org\/{rel}","templated":true}]}}